{"id":2846,"date":"2023-03-30T19:33:52","date_gmt":"2023-03-30T19:33:52","guid":{"rendered":"https:\/\/www.jpb.net\/deutsch-franzoesische-zusammenarbeit\/"},"modified":"2024-01-24T10:28:08","modified_gmt":"2024-01-24T10:28:08","slug":"deutsch-franzoesische-zusammenarbeit","status":"publish","type":"page","link":"https:\/\/www.jpb.net\/de\/deutsch-franzoesische-zusammenarbeit\/","title":{"rendered":"Die 5 unterschiedlichen Konstellationen deutsch-franz\u00f6sischer Zusammenarbeit"},"content":{"rendered":"\n<div class=\"wp-block-cover is-light\"><span aria-hidden=\"true\" class=\"wp-block-cover__background has-background-dim-0 has-background-dim\"><\/span><img loading=\"lazy\" decoding=\"async\" width=\"940\" height=\"250\" src=\"https:\/\/www.jpb.net\/wp-content\/uploads\/2014\/05\/p0-contexte-franco-allemandv3.jpg\" class=\"wp-block-cover__image-background wp-post-image\" alt=\"\" data-object-fit=\"cover\" srcset=\"https:\/\/www.jpb.net\/wp-content\/uploads\/2014\/05\/p0-contexte-franco-allemandv3.jpg 940w, https:\/\/www.jpb.net\/wp-content\/uploads\/2014\/05\/p0-contexte-franco-allemandv3-300x80.jpg 300w, https:\/\/www.jpb.net\/wp-content\/uploads\/2014\/05\/p0-contexte-franco-allemandv3-768x204.jpg 768w\" sizes=\"auto, (max-width: 940px) 100vw, 940px\" \/><div class=\"wp-block-cover__inner-container is-layout-flow wp-block-cover-is-layout-flow\">\n<div class=\"wp-block-group is-content-justification-left is-nowrap is-layout-flex wp-container-core-group-is-layout-c1c43fa8 wp-block-group-is-layout-flex\" style=\"margin-top:0;margin-bottom:0;padding-top:0;padding-right:0;padding-bottom:0;padding-left:0\">\n<p class=\"header-whiteline has-contrast-color has-text-color has-link-color wp-elements-7817da1135ba34b682b8a1732bad45ab\" style=\"margin-top:0em;margin-right:0;margin-bottom:0;margin-left:var(--wp--preset--spacing--30);padding-top:0.17em;padding-right:0.17em;padding-bottom:0.17em;padding-left:0.17em;font-size:clamp(1.039em, 1.039rem + ((1vw - 0.2em) * 1.02), 1.6em);\"><strong><strong>Wenige Firmen kennen die Risiken deutsch-franz\u00f6sischer Kooperationen.<\/strong><\/strong><\/p>\n<\/div>\n\n\n\n<div class=\"wp-block-group is-nowrap is-layout-flex wp-container-core-group-is-layout-940891e9 wp-block-group-is-layout-flex\" style=\"margin-top:0;margin-bottom:0\">\n<p class=\"has-text-align-left header-yellowline has-contrast-color has-text-color has-link-color wp-elements-f04e2dd4dd601970c7d74c5e1cb75a1e\" style=\"margin-top:0;margin-bottom:0em;margin-left:var(--wp--preset--spacing--30);padding-top:0.17em;padding-right:0.17em;padding-bottom:0.17em;padding-left:0.17em;font-size:clamp(1.039em, 1.039rem + ((1vw - 0.2em) * 1.02), 1.6em);\"><strong><strong>Unsere Kunden wissen dagegen, wie man sie erfolgreich managt!<\/strong><\/strong><\/p>\n<\/div>\n<\/div><\/div>\n\n\n<h2 class=\"wp-block-post-title\">Die 5 unterschiedlichen Konstellationen deutsch-franz\u00f6sischer Zusammenarbeit<\/h2>\n\n\n<div class=\"wp-block-group is-nowrap is-layout-flex wp-container-core-group-is-layout-b79ae030 wp-block-group-is-layout-flex\" style=\"padding-right:0px;padding-left:0px;font-size:0.8em\">\n<p>Lire cette page \u00e0 partir d&#8217;un point de vue fran\u00e7ais:<\/p>\n\n\n\n<div class=\"wp-block-group lang-inline has-global-padding is-content-justification-left is-layout-constrained wp-container-core-group-is-layout-eec01751 wp-block-group-is-layout-constrained\" style=\"padding-right:0px;padding-left:0px\">\n<div role=\"navigation\" aria-label=\"Sprachwechsler\" class=\"wpml-ls-statics-shortcode_actions wpml-ls wpml-ls-legacy-list-horizontal\">\n\t<ul><li class=\"wpml-ls-slot-shortcode_actions wpml-ls-item wpml-ls-item-fr wpml-ls-first-item wpml-ls-last-item wpml-ls-item-legacy-list-horizontal\">\n\t\t\t\t<a href=\"https:\/\/www.jpb.net\/\" hreflang=\"fr\" lang=\"fr\" class=\"wpml-ls-link\" aria-label=\"Wechseln zu Franz\u00f6sisch\" title=\"Wechseln zu Franz\u00f6sisch\">\n\t\t\t\t\t<span class=\"wpml-ls-display\">Franz\u00f6sisch<\/span><\/a>\n\t\t\t<\/li><\/ul>\n<\/div>\n\n<\/div>\n<\/div>\n\n\n\n<figure class=\"wp-block-pullquote\"><blockquote><p>Unsere Expertise: Abbau von business-kulturellen und zwischenmenschlichen St\u00f6rfaktoren in der deutsch-franz\u00f6sischen Zusammenarbeit<\/p><\/blockquote><\/figure>\n\n\n\n<h2 class=\"wp-block-heading\">DIE 5 UNTERSCHIEDLICHEN KONSTELLATIONEN DEUTSCH-FRANZ\u00d6SISCHER ZUSAMMENARBEIT UND IHRE TYPISCHEN FALLEN<\/h2>\n\n\n\n<p><strong>Als Referenz im deutsch-franz\u00f6sischen Management Kontext seit \u00fcber 30 Jahren<\/strong>&nbsp;hat JPB zahlreiche kleine und gro\u00dfe Unternehmen und Organisationen bei deutsch-franz\u00f6sischen&nbsp;<strong>Kooperationen aller Art&nbsp;<\/strong>beraten.<\/p>\n\n\n\n<h2 class=\"wp-block-heading\">ENTDECKEN SIE DIE DEUTSCH-FRANZ\u00d6SISCHEN BESONDERHEITEN, MIT DENEN SIE IM RAHMEN IHRES KOOPERATIONSPROJEKTS KONFRONTIERT SIND.<\/h2>\n\n\n\n<p>Seit 1984 h\u00f6ren wir in vergleichbaren Kooperationskonstellationen und Machtverh\u00e4ltnissen zwischen Deutschen und Franzosen immer wieder dieselben gegenseitigen Klagen!<\/p>\n\n\n\n<p>Der gro\u00dfe Vorteil dieser Konstante:<br><strong>F\u00fcr jede gegebene Konstellation der Zusammenarbeit gibt es besondere Beziehungsmechanismen, die es nachzuvollziehen gilt.<\/strong><\/p>\n\n\n\n<p>Entdecken Sie die typisch deutsch-franz\u00f6sischen Fallen Ihrer Kooperations-Konstellation<\/p>\n\n\n\n<p>Hier die&nbsp;<strong class=\"strorange\">5 unterschiedlichen Konstellationen deutsch-franz\u00f6sischer Zusammenarbeit&nbsp;<\/strong>mit ihren jeweiligen Chancen und Risiken:<\/p>\n\n\n\n<div class=\"wp-block-columns has-contrast-color has-text-color is-layout-flex wp-container-core-columns-is-layout-28f84493 wp-block-columns-is-layout-flex\">\n<div class=\"wp-block-column has-border-color has-tertiary-border-color is-layout-flow wp-block-column-is-layout-flow\" style=\"border-width:1px\">\n<figure class=\"wp-block-image aligncenter size-full\"><img loading=\"lazy\" decoding=\"async\" width=\"150\" height=\"150\" src=\"https:\/\/www.jpb.net\/wp-content\/uploads\/2014\/01\/Relation_Maison_mere_Filiale.jpg\" alt=\"Relation entre la maison m\u00e8re et la filiale\" class=\"wp-image-439\"\/><figcaption class=\"wp-element-caption\"><a href=\"https:\/\/www.jpb.net\/de\/tochtergesellschaft\/\" data-type=\"page\" data-id=\"3030\">Mutter- &amp; Tochter- Gesellschaft<\/a><\/figcaption><\/figure>\n<\/div>\n\n\n\n<div class=\"wp-block-column has-border-color has-tertiary-border-color is-layout-flow wp-block-column-is-layout-flow\" style=\"border-width:1px\">\n<figure class=\"wp-block-image aligncenter size-full\"><img loading=\"lazy\" decoding=\"async\" width=\"150\" height=\"150\" src=\"https:\/\/www.jpb.net\/wp-content\/uploads\/2014\/01\/Relation_Client_Fournisseur1.jpg\" alt=\"Relation Client Fournisseur\" class=\"wp-image-438\"\/><figcaption class=\"wp-element-caption\"><a href=\"#\"><\/a><a href=\"https:\/\/www.jpb.net\/de\/kunde\/\" data-type=\"page\" data-id=\"3031\">Kunde und Lieferant<\/a><\/figcaption><\/figure>\n<\/div>\n\n\n\n<div class=\"wp-block-column has-border-color has-tertiary-border-color is-layout-flow wp-block-column-is-layout-flow\" style=\"border-width:1px\">\n<figure class=\"wp-block-image aligncenter size-full\"><img loading=\"lazy\" decoding=\"async\" width=\"150\" height=\"150\" src=\"https:\/\/www.jpb.net\/wp-content\/uploads\/2014\/01\/Fusion_Acquisition.jpg\" alt=\"\" class=\"wp-image-436\"\/><figcaption class=\"wp-element-caption\"><a href=\"#\"><\/a><a href=\"https:\/\/www.jpb.net\/de\/mergers\/\" data-type=\"page\" data-id=\"3032\">Merger &amp; Acquisition \/ PMI<\/a><\/figcaption><\/figure>\n<\/div>\n\n\n\n<div class=\"wp-block-column has-border-color has-tertiary-border-color is-layout-flow wp-block-column-is-layout-flow\" style=\"border-width:1px\">\n<figure class=\"wp-block-image aligncenter size-full\"><img loading=\"lazy\" decoding=\"async\" width=\"150\" height=\"150\" src=\"https:\/\/www.jpb.net\/wp-content\/uploads\/2014\/01\/Changement_Reorganisation.jpg\" alt=\"\" class=\"wp-image-435\"\/><figcaption class=\"wp-element-caption\"><a href=\"https:\/\/www.jpb.net\/de\/umstrukturierung\/\" data-type=\"page\" data-id=\"3033\">Change, Neuorganisation, Umstrukturierung<\/a><\/figcaption><\/figure>\n<\/div>\n\n\n\n<div class=\"wp-block-column has-border-color has-tertiary-border-color is-layout-flow wp-block-column-is-layout-flow\" style=\"border-width:1px\">\n<figure class=\"wp-block-image aligncenter size-full\"><img loading=\"lazy\" decoding=\"async\" width=\"150\" height=\"150\" src=\"https:\/\/www.jpb.net\/wp-content\/uploads\/2014\/01\/Managment_dequipe.jpg\" alt=\"\" class=\"wp-image-437\"\/><figcaption class=\"wp-element-caption\"><a href=\"https:\/\/www.jpb.net\/de\/projektmanagement\/\" data-type=\"page\" data-id=\"3069\">Team- &amp; Projekt-Management<\/a><\/figcaption><\/figure>\n<\/div>\n<\/div>\n\n\n\n<hr class=\"wp-block-separator has-text-color has-custom-jpb-yellow-color has-alpha-channel-opacity has-custom-jpb-yellow-background-color has-background is-style-wide\"\/>\n\n\n\n<div class=\"wp-block-columns is-layout-flex wp-container-core-columns-is-layout-28f84493 wp-block-columns-is-layout-flex\">\n<div class=\"wp-block-column is-layout-flow wp-block-column-is-layout-flow\" style=\"flex-basis:70%\">\n<h2 class=\"wp-block-heading\">JPB-COACHING \u2013 EINZIGARTIG AUF DEM MARKT<\/h2>\n\n\n\n<p>Dank seiner zahlreichen Eins\u00e4tze in deutsch-franz\u00f6sischen Projekten aller Art hat das JPB-Team f\u00fcr jede spezifische Kooperationskonstellation der deutsch-franz\u00f6sischen Zusammenarbeit&nbsp;<strong>ein Benchmark f\u00fcr \u201eTods\u00fcnden\u201c und Best Practices<\/strong>&nbsp;erarbeitet.<\/p>\n\n\n\n<p>Die Coach-Experten von JPB sind somit in der Lage, Ursachen f\u00fcr Missverst\u00e4ndnisse, Frustrationen und Blockaden in deutsch-franz\u00f6sischen Teams und Organisationen sowie im Verh\u00e4ltnis zwischen deutschen F\u00fchrungskr\u00e4ften und ihren franz\u00f6sischen Counterparts schnell aufzudecken, gezielt&nbsp;<strong>aufzuarbeiten und zu l\u00f6sen (bzw. ihnen vorzubeugen).<\/strong><\/p>\n\n\n\n<p><strong>JPB &#8211; Keine graue Theorie oder Allgemeinpl\u00e4tze \u00fcber stereotype Kulturunterschiede, sondern:<\/strong><\/p>\n\n\n\n<ul class=\"list-yellow-checks wp-block-list\">\n<li><strong class=\"strorange\">Zugang zu einer umfangreichen Palette erprobter L\u00f6sungswege<\/strong>, die sich auf den geballten JPB-Erfahrungsschatz aus \u00fcber 30 Branchen st\u00fctzen,<\/li>\n\n\n\n<li><strong class=\"strorange\">Bew\u00e4hrte Methodik zum Einordnen<\/strong>&nbsp;immer wiederkehrender Reaktionen und Verhaltensweisen, die die Besonderheiten Ihrer Unternehmenskultur \u00fcber nationale business-kulturelle Standards hinaus verdeutlichen.<\/li>\n<\/ul>\n\n\n\n<ul class=\"list-small-arrows wp-block-list\">\n<li><strong>Praxisnah und direkt umsetzbar f\u00fcr nachhaltige Effizienzgewinne!<\/strong><\/li>\n<\/ul>\n<\/div>\n\n\n\n<div class=\"wp-block-column has-border-color has-tertiary-border-color is-layout-flow wp-block-column-is-layout-flow\" style=\"border-width:2px;padding-top:1em;padding-right:1em;padding-bottom:1em;padding-left:1em;flex-basis:30%\">\n<h2 class=\"wp-block-heading\">UNSERE ST\u00c4RKEN:&nbsp;<\/h2>\n\n\n\n<ul class=\"list-yellow-checks wp-block-list\">\n<li>Einzigartiges geballtes Know-how im deutsch-franz\u00f6sischen Management<\/li>\n\n\n\n<li>Pragmatische und nachhaltige L\u00f6sungswege, operativ und strategisch<\/li>\n\n\n\n<li>Expertise und Methodik seit 1984, weiterentwickelt und bew\u00e4hrt<\/li>\n<\/ul>\n\n\n\n<ul class=\"list-small-arrows wp-block-list\">\n<li><strong><strong>Zur Optimierung der Effizienz Ihrer deutsch-franz\u00f6sischen Zusammenarbeit.<\/strong><\/strong><\/li>\n<\/ul>\n<\/div>\n<\/div>\n\n\n\n<hr class=\"wp-block-separator has-text-color has-custom-jpb-yellow-color has-alpha-channel-opacity has-custom-jpb-yellow-background-color has-background is-style-wide\"\/>\n\n\n\n<div class=\"wp-block-columns has-contrast-color has-text-color is-layout-flex wp-container-core-columns-is-layout-28f84493 wp-block-columns-is-layout-flex\">\n<div class=\"wp-block-column is-layout-flow wp-block-column-is-layout-flow\" style=\"padding-top:1em;padding-right:1em;padding-bottom:1em;padding-left:1em\">\n<div class=\"wp-block-group is-nowrap is-layout-flex wp-container-core-group-is-layout-f66f9956 wp-block-group-is-layout-flex\">\n<div class=\"wp-block-outermost-icon-block\"><div class=\"icon-container\" style=\"width:2.5em\"><svg xmlns=\"http:\/\/www.w3.org\/2000\/svg\" width=\"16\" height=\"16\" viewBox=\"0 0 16 16\"><path fill=\"currentColor\" d=\"M11 2.5a2.5 2.5 0 1 1 .603 1.628l-6.718 3.12a2.5 2.5 0 0 1 0 1.504l6.718 3.12a2.5 2.5 0 1 1-.488.876l-6.718-3.12a2.5 2.5 0 1 1 0-3.256l6.718-3.12A2.5 2.5 0 0 1 11 2.5\"><\/path><\/svg><\/div><\/div>\n\n\n\n<div class=\"wp-block-group is-vertical is-layout-flex wp-container-core-group-is-layout-fe9cc265 wp-block-group-is-layout-flex\">\n<p>Bestimmt kennen Sie Kollegen, die mit deutsch-franz\u00f6sischen Problemstellungen konfrontiert sind?<\/p>\n\n\n\n<p>Empfehlen Sie diese Seite m\u00f6glichen Interessenten!<\/p>\n<\/div>\n<\/div>\n<\/div>\n\n\n\n<div class=\"wp-block-column has-tertiary-background-color has-background is-layout-flow wp-block-column-is-layout-flow\" style=\"padding-top:1em;padding-right:1em;padding-bottom:1em;padding-left:1em\">\n<div class=\"wp-block-group is-nowrap is-layout-flex wp-container-core-group-is-layout-f66f9956 wp-block-group-is-layout-flex\">\n<div class=\"wp-block-outermost-icon-block\"><div class=\"icon-container\" style=\"width:3em\"><svg xmlns=\"http:\/\/www.w3.org\/2000\/svg\" width=\"36\" height=\"36\" viewBox=\"0 0 36 36\"><path fill=\"currentColor\" d=\"M32 6H4a2 2 0 0 0-2 2v20a2 2 0 0 0 2 2h28a2 2 0 0 0 2-2V8a2 2 0 0 0-2-2m-1.54 22H5.66l7-7.24l-1.44-1.39L4 26.84V9.52l12.43 12.37a2 2 0 0 0 2.82 0L32 9.21v17.5l-7.36-7.36l-1.41 1.41ZM5.31 8h25.07L17.84 20.47Z\" class=\"clr-i-outline clr-i-outline-path-1\"><\/path><path fill=\"none\" d=\"M0 0h36v36H0z\"><\/path><\/svg><\/div><\/div>\n\n\n\n<p>Kontakt:<br>00.33.1.39.16.95.17<br><a href=\"mailto:jpb@jpb.net\" target=\"_blank\" rel=\"jpb@jpb.net noopener nofollow\">jpb@jpb.net<\/a><\/p>\n<\/div>\n<\/div>\n<\/div>\n","protected":false},"excerpt":{"rendered":"<p>Unsere Expertise: Abbau von business-kulturellen und zwischenmenschlichen St\u00f6rfaktoren in der deutsch-franz\u00f6sischen Zusammenarbeit DIE 5 UNTERSCHIEDLICHEN KONSTELLATIONEN DEUTSCH-FRANZ\u00d6SISCHER ZUSAMMENARBEIT UND IHRE TYPISCHEN FALLEN Als Referenz im deutsch-franz\u00f6sischen Management Kontext seit \u00fcber 30 Jahren&nbsp;hat JPB zahlreiche kleine und gro\u00dfe Unternehmen und Organisationen bei deutsch-franz\u00f6sischen&nbsp;Kooperationen aller Art&nbsp;beraten. ENTDECKEN SIE DIE DEUTSCH-FRANZ\u00d6SISCHEN BESONDERHEITEN, MIT DENEN SIE IM RAHMEN IHRES [&hellip;]<\/p>\n","protected":false},"author":1,"featured_media":2433,"parent":0,"menu_order":0,"comment_status":"closed","ping_status":"closed","template":"wp-custom-template-page-jpb","meta":{"advgb_blocks_editor_width":"","advgb_blocks_columns_visual_guide":"","footnotes":""},"class_list":["post-2846","page","type-page","status-publish","has-post-thumbnail","hentry"],"coauthors":[],"author_meta":{"author_link":"https:\/\/www.jpb.net\/de\/author\/mbd-berlin\/","display_name":"mbd.berlin"},"relative_dates":{"created":"Ver\u00f6ffentlicht 3\u00a0Jahren vor","modified":"Aktualisiert 2\u00a0Jahren vor"},"absolute_dates":{"created":"Ver\u00f6ffentlicht am 30. M\u00e4rz 2023","modified":"Aktualisiert am 24. Januar 2024"},"absolute_dates_time":{"created":"Ver\u00f6ffentlicht am 30. M\u00e4rz 2023 19:33","modified":"Aktualisiert am 24. Januar 2024 10:28"},"featured_img_caption":"","featured_img":"https:\/\/www.jpb.net\/wp-content\/uploads\/2014\/05\/p0-contexte-franco-allemandv3.jpg","series_order":"","_links":{"self":[{"href":"https:\/\/www.jpb.net\/de\/wp-json\/wp\/v2\/pages\/2846","targetHints":{"allow":["GET"]}}],"collection":[{"href":"https:\/\/www.jpb.net\/de\/wp-json\/wp\/v2\/pages"}],"about":[{"href":"https:\/\/www.jpb.net\/de\/wp-json\/wp\/v2\/types\/page"}],"author":[{"embeddable":true,"href":"https:\/\/www.jpb.net\/de\/wp-json\/wp\/v2\/users\/1"}],"replies":[{"embeddable":true,"href":"https:\/\/www.jpb.net\/de\/wp-json\/wp\/v2\/comments?post=2846"}],"version-history":[{"count":4,"href":"https:\/\/www.jpb.net\/de\/wp-json\/wp\/v2\/pages\/2846\/revisions"}],"predecessor-version":[{"id":6198,"href":"https:\/\/www.jpb.net\/de\/wp-json\/wp\/v2\/pages\/2846\/revisions\/6198"}],"wp:featuredmedia":[{"embeddable":true,"href":"https:\/\/www.jpb.net\/de\/wp-json\/wp\/v2\/media\/2433"}],"wp:attachment":[{"href":"https:\/\/www.jpb.net\/de\/wp-json\/wp\/v2\/media?parent=2846"}],"curies":[{"name":"wp","href":"https:\/\/api.w.org\/{rel}","templated":true}]}}