{"id":2876,"date":"2023-06-01T17:06:48","date_gmt":"2023-06-01T17:06:48","guid":{"rendered":"https:\/\/www.jpb.net\/?page_id=2876"},"modified":"2024-02-07T17:23:05","modified_gmt":"2024-02-07T17:23:05","slug":"datenschutz","status":"publish","type":"page","link":"https:\/\/www.jpb.net\/de\/datenschutz\/","title":{"rendered":"Datenschutz"},"content":{"rendered":"<h2 class=\"wp-block-post-title\">Datenschutz<\/h2>\n\n\n<hr class=\"wp-block-separator has-text-color has-tertiary-color has-alpha-channel-opacity has-tertiary-background-color has-background is-style-wide\"\/>\n\n\n\n<p>JPB Consulting legt gr\u00f6\u00dften Wert auf den Schutz Ihrer personenbezogenen Daten (Informationen, die es erm\u00f6glichen, Sie direkt oder indirekt zu identifizieren, nachfolgend \u201epers\u00f6nliche Daten\u201c). JPB Consulting verpflichtet sich diesbez\u00fcglich, Ihre pers\u00f6nlichen Daten nach den Ma\u00dfst\u00e4ben von Professionalit\u00e4t und Ethik, sowie unter Beachtung der geltenden rechtlichen Vorschriften zu verarbeiten und zu sch\u00fctzen.<\/p>\n\n\n\n<p>Die vorliegende Datenschutzpolitik definiert die Vorgehensweise von JPB Consulting in Bezug auf die Sammlung und Nutzung von Informationen, die von Kunden oder von anderen Personen stammen, die mit JPB Consulting in Kontakt treten und\/oder Dienstleistungen von JPB Consulting in Anspruch nehmen.<\/p>\n\n\n\n<p>Indem Sie die Dienstleistungen von JPB Consulting nutzen, geben Sie Ihr Einverst\u00e4ndnis f\u00fcr die Sammlung und Nutzung Ihrer Informationen im Einklang mit der vorliegenden Datenschutzpolitik.<\/p>\n\n\n\n<p><strong>1.&nbsp;&nbsp;&nbsp;&nbsp;&nbsp; Zweckbestimmung der Verarbeitung Ihrer pers\u00f6nlichen Daten und Rechtsgrundlagen<\/strong><\/p>\n\n\n\n<p>JPB Consulting sammelt, nutzt und speichert Ihre Informationen zu folgenden Zwecken:<\/p>\n\n\n\n<ul class=\"wp-block-list\">\n<li>um unser Angebot zu personalisieren. Diese Datenverarbeitung ist f\u00fcr die Erf\u00fcllung unserer Vertragsverpflichtungen erforderlich und\/oder erfolgt mit Ihrem Einverst\u00e4ndnis;<\/li>\n\n\n\n<li>um die zwischen Ihnen und uns oder zwischen uns und unseren Partnern geschlossenen Vertr\u00e4ge zu erf\u00fcllen, und Ihnen die in Auftrag gegebenen Dienstleistungen zu liefern. Diese Datenverarbeitung ist f\u00fcr die Erf\u00fcllung unserer Vertragsverpflichtungen erforderlich;<\/li>\n\n\n\n<li>um Ihnen Informationen \u00fcber unsere Leistungen zukommen zu lassen, oder um Sie \u00fcber \u00c4nderungen an unseren Leistungen zu informieren (z.B. Best\u00e4tigung oder \u00c4nderung des Datums eines Seminars). Diese Datenverarbeitung ist f\u00fcr die Erf\u00fcllung unserer Vertragsverpflichtungen erforderlich;<\/li>\n\n\n\n<li>um Ihnen zu erm\u00f6glichen, mit uns zu kommunizieren (z.B. \u00fcber das Kontaktformular, das auf unserer Internetseite zur Verf\u00fcgung steht). Diese Datenverarbeitung ist f\u00fcr die Erf\u00fcllung unserer Vertragsverpflichtungen erforderlich und erfolgt mit Ihrem Einverst\u00e4ndnis;<\/li>\n\n\n\n<li>um mit Ihnen Kontakt aufzunehmen, damit wir Ihnen unsere Leistungen vorstellen k\u00f6nnen. Diese Datenverarbeitung beruht auf unserem legitimen Interesse (Erwerb neuer Kunden und Partner);<br>um Ihnen unter Beachtung der anwendbaren rechtlichen Vorschriften Marketing-, Werbe- oder Preisinformationen zukommen zu lassen sowie Informationen, die sich auf die Nutzung unserer Leistungen beziehen, oder um Ihnen Leistungen vorzuschlagen, die Sie interessieren k\u00f6nnten und Sie dazu zu beraten. Diese Datenverarbeitung beruht auf unserem legitimen Interesse (Ihnen einschl\u00e4gige Informationen zu liefern);<\/li>\n\n\n\n<li>die Wirksamkeit von Werbenachrichten, die wir Ihnen senden, zu bewerten und diese anzupassen. Diese Datenverarbeitung beruht auf unserem legitimen Interesse (die Wirksamkeit unserer Werbeaktionen zu messen und zu optimieren) und\/oder auf Ihrem Einverst\u00e4ndnis.<\/li>\n<\/ul>\n\n\n\n<p><strong>2.&nbsp;&nbsp;&nbsp;&nbsp;&nbsp; Informationssammlung und -weitergabe<\/strong><\/p>\n\n\n\n<p>JPB Consulting kann die folgenden Daten sammeln und verarbeiten:<\/p>\n\n\n\n<p><em>2.1. Daten, die Sie uns selbst zur Verf\u00fcgung stellen<\/em><\/p>\n\n\n\n<p>Im Zuge der Nutzung der Dienste von JPB Consulting kommt es in der Regel zu einer \u00dcbermittlung von pers\u00f6nlichen Daten. Dies ist insbesondere der Fall, wenn Sie das Kontaktformular ausf\u00fcllen, das auf der Internetseite von JPB Consulting zur Verf\u00fcgung steht, oder wenn Sie uns kontaktieren \u2013 sei es per Telefon, E-Mail oder \u00fcber jedes andere Kommunikationsmittel. Dies ist ebenfalls der Fall, wenn Sie eines unserer Seminare besuchen oder an einem individuellen Coaching teilnehmen.<\/p>\n\n\n\n<p>Die Daten, die uns in diesem Rahmen \u00fcbermittelt werden, sind insbesondere Name, Vorname, Funktion, Arbeitsadresse, E-Mail, Telefon, andere berufliche Kontaktdaten, Informationen zu Mandaten und Themen, die wir gemeinsam bearbeiten.<\/p>\n\n\n\n<p><em>2.2. Daten, die wir automatisch sammeln (Cookies)<\/em><\/p>\n\n\n\n<p>JPB Consulting verwendet Cookies. Ein Cookie ist eine kleine Datei, die von Ihrem Browser beim Besuch einer Internetseite gespeichert wird. Wird die betreffende Seite nochmals aufgerufen, \u00fcbersendet Ihr Browser die in dem Cookie gespeicherten Informationen, um Sie identifizieren zu k\u00f6nnen.<\/p>\n\n\n\n<p>Lesen Sie hierzu auch unsere&nbsp;Cookie-Richtlinie.<\/p>\n\n\n\n<p>JPB Consulting nutzt Google Analytics, einen Analysedienst der Google Inc., 1600 Amphitheatre Parkway, Mountain View, CA 94043, USA (Google). Dieses Analysetool wird eingesetzt, um statistische Auswertungen der Besucherzugriffe durchzuf\u00fchren und pseudonymisierte Nutzungsprofile zu erstellen. Google Analytics verwendet sog. \u201eIDs\u201c, Kennungen, die auf Ihrem Ger\u00e4t gespeichert werden und die eine Analyse der Benutzung der App durch Sie erm\u00f6glichen. Die durch die ID erzeugten Informationen \u00fcber Ihre Benutzung der App werden in der Regel an einen Server von Google in den USA \u00fcbertragen und dort gespeichert. Im Falle der Aktivierung der IP-Anonymisierung in dieser App wird Ihre IP-Adresse von Google jedoch innerhalb von Mitgliedstaaten der Europ\u00e4ischen Union oder in anderen Vertragsstaaten des Abkommens \u00fcber den Europ\u00e4ischen Wirtschaftsraum zuvor gek\u00fcrzt. Nur in Ausnahmef\u00e4llen wird die volle IP-Adresse an einen Server von Google in den USA \u00fcbertragen und dort gek\u00fcrzt.<\/p>\n\n\n\n<p>Sie k\u00f6nnen die Speicherung der ID deaktivieren und so Ihren Widerspruch gegen die Nutzung Ihrer Daten ausdr\u00fccken: <a href=\"https:\/\/tools.google.com\/dlpage\/gaoptout?hl=de.\" target=\"_blank\" rel=\"noreferrer noopener\">https:\/\/tools.google.com\/dlpage\/gaoptout?hl=de.<\/a><\/p>\n\n\n\n<p><em>2.3. \u00d6ffentlich verf\u00fcgbare Daten<\/em><\/p>\n\n\n\n<p>Sind die pers\u00f6nlichen Daten nicht von der betreffenden Person selbst zur Verf\u00fcgung gestellt worden, k\u00f6nnen sie auch aus Datenbanken Dritter, von Partnern oder von \u00f6ffentlich zug\u00e4nglichen Quellen stammen.<\/p>\n\n\n\n<p>Wenn die Daten von \u00f6ffentlich zug\u00e4nglichen Quellen stammen, wurden sie auf der Internetseite des jeweiligen Unternehmens gesammelt, von im Internet verf\u00fcgbaren Listen, Branchenb\u00fcchern oder aus anderen Medien.<\/p>\n\n\n\n<p><em>2.4. Weitergabe von Daten<\/em><\/p>\n\n\n\n<p>JPB Consulting verpflichtet sich, Ihre pers\u00f6nlichen Daten nicht zu vermieten oder an Dritte zu verkaufen oder sie weiterzugeben, au\u00dfer in folgenden F\u00e4llen:<\/p>\n\n\n\n<ul class=\"wp-block-list\">\n<li>Sie haben uns darum gebeten oder uns Ihr Einverst\u00e4ndnis dazu gegeben;<\/li>\n\n\n\n<li>Wir arbeiten im Rahmen der Erf\u00fcllung der mit Ihnen geschlossenen Vertr\u00e4ge mit einem Dienstleister zusammen;<\/li>\n\n\n\n<li>Verschmelzung oder Verkauf der Aktiva von JPB Consulting. In diesem Fall w\u00fcrden wir Sie \u00fcber alle \u00c4nderungen informieren, die die Kontrolle \u00fcber Ihre Informationen betreffen sowie \u00fcber die Entscheidungen, die Sie dann treffen k\u00f6nnen;<\/li>\n\n\n\n<li>Einhaltung des Gesetzes oder Befolgung eines gerichtlichen Verfahrens (z.B. eine richterliche Anordnung).<\/li>\n<\/ul>\n\n\n\n<p>JPB Consulting verpflichtet sich, die erhaltenen Daten nicht in Drittl\u00e4nder au\u00dferhalb der Europ\u00e4ischen Union weiterzugeben.<\/p>\n\n\n\n<p><strong>3.&nbsp;&nbsp;&nbsp;&nbsp;&nbsp; Empf\u00e4nger der pers\u00f6nlichen Daten<\/strong><\/p>\n\n\n\n<p>Empf\u00e4nger der pers\u00f6nlichen Daten sind die Mitarbeiter von JPB Consulting, die mit der Durchf\u00fchrung und\/oder Verwaltung der in Auftrag gegebenen Leistungen betraut sind und ggf. Dienstleister und Partner, die an der Durchf\u00fchrung des Auftrags teilnehmen, und die in diesem Zusammenhang soweit erforderlich Daten verarbeiten k\u00f6nnen.<\/p>\n\n\n\n<p><strong>4.&nbsp;&nbsp;&nbsp;&nbsp;&nbsp; Dauer der Aufbewahrung der pers\u00f6nlichen Daten<\/strong><\/p>\n\n\n\n<p>JPB Consulting bewahrt Ihre pers\u00f6nlichen Daten nur f\u00fcr die Dauer auf, die f\u00fcr den Zweck der Verarbeitung erforderlich ist. Nach Ablauf der gesetzlich festgelegten Aufbewahrungsfrist oder sobald der Grund f\u00fcr die Aufbewahrung wegf\u00e4llt, werden die pers\u00f6nlichen Daten gel\u00f6scht. Wir bewahren Ihre Daten insbesondere auf, um unsere gesetzlichen oder vertraglichen Pflichten zu erf\u00fcllen, um unsere Rechte auszu\u00fcben, und um Ihnen unsere Leistungen vorzustellen und anzubieten.<\/p>\n\n\n\n<p><strong>5.&nbsp;&nbsp;&nbsp;&nbsp;&nbsp;&nbsp;<\/strong><strong>Recht auf Auskunft, Berichtigung und L\u00f6schung<\/strong><\/p>\n\n\n\n<p>Sie verf\u00fcgen jederzeit \u00fcber folgende Rechte:<\/p>\n\n\n\n<ul class=\"wp-block-list\">\n<li>Zugang zu Ihren pers\u00f6nlichen Daten sowie Auskunft \u00fcber ihre Herkunft;<\/li>\n\n\n\n<li>Berichtigung oder L\u00f6schung der pers\u00f6nlichen Daten;<\/li>\n\n\n\n<li>Beschr\u00e4nkung der Verarbeitung Ihrer pers\u00f6nlichen Daten;<\/li>\n\n\n\n<li>Widerspruch zur Verarbeitung Ihrer pers\u00f6nlichen Daten;<\/li>\n\n\n\n<li>Jederzeitiger Widerspruch zur Verarbeitung Ihrer pers\u00f6nlichen Daten zu Werbezwecken;<\/li>\n\n\n\n<li>\u00dcbertragbarkeit Ihrer pers\u00f6nlichen Daten gem\u00e4\u00df den geltenden rechtlichen Bedingungen, wonach die Personen, deren pers\u00f6nlichen Daten verarbeitet werden, das Recht haben, die Daten, die Sie einem Datenverantwortlichen gegeben haben in einem strukturierten und allgemein elektronisch lesbaren Format heraus zu verlangen, und diese an einen anderen Datenverantwortlichen zu \u00fcbermitteln, ohne dass der Datenverantwortliche, an den die Daten \u00fcbermittelt worden sind, dies verhindern kann;<\/li>\n\n\n\n<li>Jederzeitiger Widerruf Ihres Einverst\u00e4ndnisses zur Verarbeitung Ihrer pers\u00f6nlichen Daten (ohne dass dies die Zul\u00e4ssigkeit der auf der Rechtsgrundlage des Einverst\u00e4ndnisses beruhenden Verarbeitung ber\u00fchrt, die vor dem Widerruf erfolgt ist).<\/li>\n<\/ul>\n\n\n\n<p>Im Falle des Widerspruchs gegen die Verarbeitung Ihrer pers\u00f6nlichen Daten zu Werbezwecken, der jederzeit erfolgen kann, wird Ihre Adresse innerhalb einer Frist von einem Monat von unserem E-Mailverteiler gel\u00f6scht. Aufgrund dieser Frist kann es vorkommen, dass sich Ihr Widerspruch mit der Nutzung Ihrer Daten f\u00fcr eine laufende Marketingaktion \/ ein E-Mailing \u00fcberschneidet.<\/p>\n\n\n\n<p>F\u00fcr Fragen hinsichtlich der Sammlung und Nutzung Ihrer pers\u00f6nlichen Daten und zur Aus\u00fcbung der oben aufgelisteten Rechte wenden Sie sich bitte an folgende Adresse: jpb@jpb.net.<\/p>\n\n\n\n<p><strong>6.&nbsp;&nbsp;&nbsp;&nbsp;&nbsp; Datensicherheit<\/strong><\/p>\n\n\n\n<p>Unser Ziel ist es, Ihre pers\u00f6nlichen Daten so sicher und gesch\u00fctzt wie m\u00f6glich aufzubewahren. Wir haben zu diesem Zweck die angemessenen technischen und organisatorischen Ma\u00dfnahmen getroffen, um so weit wie m\u00f6glich jede Besch\u00e4digung oder den Verlust Ihrer Daten zu verhindern sowie jeglichen nicht autorisierten Zugang.<\/p>\n\n\n\n<p>Trotz dieser Ma\u00dfnahmen bleibt das Internet ein offenes System und JPB Consulting kann nicht garantieren, dass nicht autorisierte Dritte die angesprochenen Ma\u00dfnahmen umgehen, oder die pers\u00f6nlichen Daten f\u00fcr Ihre Zwecke nutzen.<\/p>\n\n\n\n<p><strong>7.&nbsp;&nbsp;&nbsp;&nbsp;&nbsp; Name und Adresse des Datenverantwortlichen<\/strong><\/p>\n\n\n\n<p>F\u00fcr alle Fragen betreffend die Sammlung und\/oder Nutzung Ihrer pers\u00f6nlichen Daten, f\u00fcr Ausk\u00fcnfte, \u00c4nderungen oder L\u00f6schungen von Daten und f\u00fcr den Widerruf des Einverst\u00e4ndnisses kontaktieren Sie bitte:<\/p>\n\n\n\n<p>Pierre de Bartha<br>JPB Consulting<br>15, Chemin des Hauts Doigts<br>78750 Mareil-Marly<br>Tel.: &nbsp;&nbsp;&nbsp;&nbsp;&nbsp;&nbsp;&nbsp;&nbsp;&nbsp;&nbsp;&nbsp;&nbsp;&nbsp; +33 1 39 16 95 17 (Sekretariat)<br>Courriel:&nbsp; &nbsp; &nbsp; &nbsp;jpb@jpb.net<br>Internet:&nbsp; &nbsp; &nbsp; &nbsp;www.jpb.net<\/p>\n\n\n\n<p><strong>8.&nbsp;&nbsp;&nbsp;&nbsp;&nbsp; Kontrollbeh\u00f6rde<\/strong><\/p>\n\n\n\n<p>Beschwerden k\u00f6nnen bei der franz\u00f6sischen Datenschutzbeh\u00f6rde vorgebracht werden. Diese k\u00f6nnen Sie unter folgender Adresse kontaktieren:<\/p>\n\n\n\n<p>Commission Nationale de L&#8217;Informatique et des Libert\u00e9s (CNIL)<br>3 Place de Fontenoy<br>TSA 80715<br>75334 PARIS CEDEX 07<br>Tel : +33 1 53 73 22 22<\/p>\n\n\n\n<p><strong>9.&nbsp;&nbsp;&nbsp;&nbsp;&nbsp; \u00c4nderungen<\/strong><\/p>\n\n\n\n<p>Die vorliegende Datenschutzpolitik kann jederzeit aktualisiert werden.<\/p>\n\n\n\n<p>*** Januar 2019 ***<\/p>\n","protected":false},"excerpt":{"rendered":"<p>JPB Consulting legt gr\u00f6\u00dften Wert auf den Schutz Ihrer personenbezogenen Daten (Informationen, die es erm\u00f6glichen, Sie direkt oder indirekt zu identifizieren, nachfolgend \u201epers\u00f6nliche Daten\u201c). JPB Consulting verpflichtet sich diesbez\u00fcglich, Ihre pers\u00f6nlichen Daten nach den Ma\u00dfst\u00e4ben von Professionalit\u00e4t und Ethik, sowie unter Beachtung der geltenden rechtlichen Vorschriften zu verarbeiten und zu sch\u00fctzen. Die vorliegende Datenschutzpolitik definiert [&hellip;]<\/p>\n","protected":false},"author":1,"featured_media":0,"parent":0,"menu_order":0,"comment_status":"closed","ping_status":"closed","template":"wp-custom-template-page-jpb","meta":{"advgb_blocks_editor_width":"","advgb_blocks_columns_visual_guide":"","footnotes":""},"class_list":["post-2876","page","type-page","status-publish","hentry"],"coauthors":[],"author_meta":{"author_link":"https:\/\/www.jpb.net\/de\/author\/mbd-berlin\/","display_name":"mbd.berlin"},"relative_dates":{"created":"Ver\u00f6ffentlicht 3\u00a0Jahren vor","modified":"Aktualisiert 2\u00a0Jahren vor"},"absolute_dates":{"created":"Ver\u00f6ffentlicht am 1. Juni 2023","modified":"Aktualisiert am 7. Februar 2024"},"absolute_dates_time":{"created":"Ver\u00f6ffentlicht am 1. Juni 2023 17:06","modified":"Aktualisiert am 7. Februar 2024 17:23"},"featured_img_caption":"","featured_img":false,"series_order":"","_links":{"self":[{"href":"https:\/\/www.jpb.net\/de\/wp-json\/wp\/v2\/pages\/2876","targetHints":{"allow":["GET"]}}],"collection":[{"href":"https:\/\/www.jpb.net\/de\/wp-json\/wp\/v2\/pages"}],"about":[{"href":"https:\/\/www.jpb.net\/de\/wp-json\/wp\/v2\/types\/page"}],"author":[{"embeddable":true,"href":"https:\/\/www.jpb.net\/de\/wp-json\/wp\/v2\/users\/1"}],"replies":[{"embeddable":true,"href":"https:\/\/www.jpb.net\/de\/wp-json\/wp\/v2\/comments?post=2876"}],"version-history":[{"count":7,"href":"https:\/\/www.jpb.net\/de\/wp-json\/wp\/v2\/pages\/2876\/revisions"}],"predecessor-version":[{"id":5923,"href":"https:\/\/www.jpb.net\/de\/wp-json\/wp\/v2\/pages\/2876\/revisions\/5923"}],"wp:attachment":[{"href":"https:\/\/www.jpb.net\/de\/wp-json\/wp\/v2\/media?parent=2876"}],"curies":[{"name":"wp","href":"https:\/\/api.w.org\/{rel}","templated":true}]}}