{"id":3031,"date":"2023-12-19T13:00:20","date_gmt":"2023-12-19T13:00:20","guid":{"rendered":"https:\/\/www.jpb.net\/?page_id=3031"},"modified":"2024-01-25T01:11:59","modified_gmt":"2024-01-25T01:11:59","slug":"kunde","status":"publish","type":"page","link":"https:\/\/www.jpb.net\/de\/kunde\/","title":{"rendered":"Kooperationskontext: Deutsch-franz\u00f6sische Beziehung zwischen Kunde und Lieferant"},"content":{"rendered":"\n<div class=\"wp-block-cover alignwide is-light has-custom-content-position is-position-top-center\" style=\"min-height:314px;aspect-ratio:unset;\"><span aria-hidden=\"true\" class=\"wp-block-cover__background has-background-dim-0 has-background-dim\"><\/span><img loading=\"lazy\" decoding=\"async\" width=\"940\" height=\"250\" src=\"https:\/\/www.jpb.net\/wp-content\/uploads\/2014\/05\/ps2-client-franco-allemandv2.jpg\" class=\"wp-block-cover__image-background wp-post-image\" alt=\"\" data-object-fit=\"cover\" srcset=\"https:\/\/www.jpb.net\/wp-content\/uploads\/2014\/05\/ps2-client-franco-allemandv2.jpg 940w, https:\/\/www.jpb.net\/wp-content\/uploads\/2014\/05\/ps2-client-franco-allemandv2-300x80.jpg 300w, https:\/\/www.jpb.net\/wp-content\/uploads\/2014\/05\/ps2-client-franco-allemandv2-768x204.jpg 768w\" sizes=\"auto, (max-width: 940px) 100vw, 940px\" \/><div class=\"wp-block-cover__inner-container is-layout-flow wp-block-cover-is-layout-flow\">\n<div class=\"wp-block-group is-content-justification-left is-nowrap is-layout-flex wp-container-core-group-is-layout-c1c43fa8 wp-block-group-is-layout-flex\" style=\"margin-top:0;margin-bottom:0;padding-top:0;padding-right:0;padding-bottom:0;padding-left:0\">\n<p class=\"header-whiteline\" style=\"margin-top:0em;margin-right:0;margin-bottom:0;margin-left:var(--wp--preset--spacing--30);padding-top:0.17em;padding-right:0.17em;padding-bottom:0.17em;padding-left:0.17em;font-size:clamp(1.039em, 1.039rem + ((1vw - 0.2em) * 1.02), 1.6em);\"><strong><strong><strong><strong>F\u00fcr eine rentable Zusammenarbeit<\/strong><\/strong><\/strong><\/strong><\/p>\n<\/div>\n\n\n\n<div class=\"wp-block-group is-nowrap is-layout-flex wp-container-core-group-is-layout-7489f87b wp-block-group-is-layout-flex\" style=\"margin-top:0px;margin-bottom:0px;padding-top:0\">\n<p class=\"has-text-align-left header-yellowline\" style=\"margin-top:0;margin-bottom:0em;margin-left:var(--wp--preset--spacing--30);padding-top:0.17em;padding-right:0.17em;padding-bottom:0.17em;padding-left:0.17em;font-size:clamp(1.039em, 1.039rem + ((1vw - 0.2em) * 1.02), 1.6em);\"><strong><strong><strong><strong>mit Ihrem franz\u00f6sischen Kunden \/ Lieferanten<\/strong><\/strong><\/strong><\/strong><\/p>\n<\/div>\n<\/div><\/div>\n\n\n<h2 class=\"wp-block-post-title\">Kooperationskontext: Deutsch-franz\u00f6sische Beziehung zwischen Kunde und Lieferant<\/h2>\n\n\n<div class=\"wp-block-group is-nowrap is-layout-flex wp-container-core-group-is-layout-b79ae030 wp-block-group-is-layout-flex\" style=\"padding-right:0px;padding-left:0px;font-size:0.8em\">\n<p>Lire cette page \u00e0 partir d&#8217;un point de vue fran\u00e7ais:<\/p>\n\n\n\n<div class=\"wp-block-group lang-inline has-global-padding is-content-justification-left is-layout-constrained wp-container-core-group-is-layout-eec01751 wp-block-group-is-layout-constrained\" style=\"padding-right:0px;padding-left:0px\">\n<div role=\"navigation\" aria-label=\"Sprachwechsler\" class=\"wpml-ls-statics-shortcode_actions wpml-ls wpml-ls-legacy-list-horizontal\">\n\t<ul><li class=\"wpml-ls-slot-shortcode_actions wpml-ls-item wpml-ls-item-fr wpml-ls-first-item wpml-ls-last-item wpml-ls-item-legacy-list-horizontal\">\n\t\t\t\t<a href=\"https:\/\/www.jpb.net\/\" hreflang=\"fr\" lang=\"fr\" class=\"wpml-ls-link\" aria-label=\"Wechseln zu Franz\u00f6sisch\" title=\"Wechseln zu Franz\u00f6sisch\">\n\t\t\t\t\t<span class=\"wpml-ls-display\">Franz\u00f6sisch<\/span><\/a>\n\t\t\t<\/li><\/ul>\n<\/div>\n\n<\/div>\n<\/div>\n\n\n\n<div class=\"wp-block-columns is-layout-flex wp-container-core-columns-is-layout-28f84493 wp-block-columns-is-layout-flex\">\n<div class=\"wp-block-column is-layout-flow wp-block-column-is-layout-flow\" style=\"flex-basis:66.66%\">\n<h2 class=\"wp-block-heading\">DEUTSCH-FRANZ\u00d6SISCHE BEZIEHUNG ZWISCHEN KUNDE UND LIEFERANT<\/h2>\n\n\n\n<p>Zwischen Kunden und Lieferanten besteht im Allgemeinen die Herausforderung darin, eine gesunde&nbsp;<strong>&#8222;partnerschaftliche Beziehung&#8220;<\/strong>&nbsp;aufzubauen, die f\u00fcr beide Seiten profitabel ist und \u00fcber Machtverh\u00e4ltnisse und unterschiedliche Interessen hinausgeht. All dies hat nichts mit der deutsch-franz\u00f6sischen Problematik zu tun, denken Sie? Auf den ersten Blick wohl nicht, aber\u2026<\/p>\n\n\n\n<h3 class=\"wp-block-heading\">IMMER WIEDERKEHRENDE, TYPISCH DEUTSCH-FRANZ\u00d6SISCHE ST\u00d6RFAKTOREN IN DER BEZIEHUNG ZWISCHEN KUNDE UND LIEFERANT<\/h3>\n\n\n\n<p>Seit 1984 stellen wir in zahlreichen Kooperationsprojekten zwischen&nbsp;<strong>deutschen und franz\u00f6sischen Kunden und Lieferanten<\/strong>, fast immer dieselben Missverst\u00e4ndnisse fest. In der Einleitung haben wir von einer&nbsp;<strong class=\"strorange\">&#8222;partnerschaftlichen Beziehung&#8220;&nbsp;<\/strong>gesprochen: worum handelt es sich dabei?<\/p>\n<\/div>\n\n\n\n<div class=\"wp-block-column is-vertically-aligned-center is-layout-flow wp-block-column-is-layout-flow\" style=\"flex-basis:33.33%\">\n<figure class=\"wp-block-image aligncenter size-full\"><img loading=\"lazy\" decoding=\"async\" width=\"750\" height=\"750\" src=\"https:\/\/www.jpb.net\/wp-content\/uploads\/2013\/12\/Relation_Client_Fournisseur.jpg\" alt=\"\" class=\"wp-image-562\" style=\"aspect-ratio:1;object-fit:cover\" srcset=\"https:\/\/www.jpb.net\/wp-content\/uploads\/2013\/12\/Relation_Client_Fournisseur.jpg 750w, https:\/\/www.jpb.net\/wp-content\/uploads\/2013\/12\/Relation_Client_Fournisseur-300x300.jpg 300w, https:\/\/www.jpb.net\/wp-content\/uploads\/2013\/12\/Relation_Client_Fournisseur-150x150.jpg 150w\" sizes=\"auto, (max-width: 750px) 100vw, 750px\" \/><\/figure>\n<\/div>\n<\/div>\n\n\n\n<div class=\"wp-block-columns is-layout-flex wp-container-core-columns-is-layout-28f84493 wp-block-columns-is-layout-flex\">\n<div class=\"wp-block-column is-layout-flow wp-block-column-is-layout-flow\" style=\"flex-basis:33.33%\">\n<figure class=\"wp-block-image size-full\"><img loading=\"lazy\" decoding=\"async\" width=\"355\" height=\"265\" src=\"https:\/\/www.jpb.net\/wp-content\/uploads\/2013\/12\/GABS-Airbus-P2.jpg\" alt=\"\" class=\"wp-image-2472\" srcset=\"https:\/\/www.jpb.net\/wp-content\/uploads\/2013\/12\/GABS-Airbus-P2.jpg 355w, https:\/\/www.jpb.net\/wp-content\/uploads\/2013\/12\/GABS-Airbus-P2-300x224.jpg 300w\" sizes=\"auto, (max-width: 355px) 100vw, 355px\" \/><\/figure>\n<\/div>\n\n\n\n<div class=\"wp-block-column is-layout-flow wp-block-column-is-layout-flow\" style=\"flex-basis:66.66%\">\n<p>Der Begriff &#8222;partnerschaftliche Beziehung&#8220; ist einer jener Begriffe, deren Interpretation die meisten Missverst\u00e4ndnisse, Aneinandervorbeireden und Unterstellungen zwischen Deutschen und Franzosen hervorruft! Ebenso wie der Begriff&nbsp;<a href=\"https:\/\/www.jpb.net\/de\/projektmanagement\/\" data-type=\"page\" data-id=\"3069\">&#8222;Projekt-Management&#8220;<\/a> Fehlinterpretationen dieser Begriffe f\u00fchren dazu, dass Vorurteile \u2013 wie Arroganz, Unzuverl\u00e4ssigkeit oder Inflexibilit\u00e4t \u2013 best\u00e4tigt, ja sogar verst\u00e4rkt werden. Die daraus entstehenden Blockaden k\u00f6nnen die Zusammenarbeit schnell in einen Albtraum verwandeln\u2026<\/p>\n\n\n\n<p>Aufgrund ihrer verschiedenen Grund\u00fcberzeugungen und sozialen Verhaltenweisen geben Deutsche und Franzosen denselben Worten eine ganz andere Bedeutung. Dies f\u00fchrt wiederum zu v\u00f6llig unterschiedlichen Management-Praktiken, die in den Beziehungen zwischen deutschen und franz\u00f6sischen Kunden und Lieferanten regelm\u00e4\u00dfig zu beobachten sind, z. B. in folgenden Bereichen:<\/p>\n<\/div>\n<\/div>\n\n\n\n<hr class=\"wp-block-separator has-text-color has-custom-jpb-yellow-color has-alpha-channel-opacity has-custom-jpb-yellow-background-color has-background is-style-wide\"\/>\n\n\n\n<p>UNTERSCHIEDLICHE PRAKTIKEN F\u00dcHREN ZU VERWIRRUNGEN<\/p>\n\n\n\n<div class=\"wp-block-columns is-layout-flex wp-container-core-columns-is-layout-28f84493 wp-block-columns-is-layout-flex\">\n<div class=\"wp-block-column is-layout-flow wp-block-column-is-layout-flow\">\n<p><strong><span class=\"dropcap circle yellow fletter\">I<\/span>n Ausschreibungen:<\/strong><\/p>\n\n\n\n<ul class=\"list-yellow-pen wp-block-list\">\n<li>Muss das&nbsp;<strong>Lastenheft<\/strong>&nbsp;eines Kunden als unver\u00e4nderbar oder als Verhandlungsbasis verstanden werden?<\/li>\n\n\n\n<li>Wie sollte man als Lieferant mit&nbsp;<strong>unklaren Spezifikationen<\/strong>&nbsp;umgehen?<\/li>\n\n\n\n<li>Unter welchen Bedingungen l\u00e4sst sich ein Lieferant&nbsp;<strong>challengen?<\/strong><\/li>\n<\/ul>\n<\/div>\n\n\n\n<div class=\"wp-block-column is-layout-flow wp-block-column-is-layout-flow\">\n<p><strong><span class=\"dropcap circle yellow fletter\">I<\/span>n Verhandlungen:<\/strong><\/p>\n\n\n\n<ul class=\"list-yellow-pen wp-block-list\">\n<li>Wo sind die jeweiligen Grenzen einer noch \u201eharten aber fairen\u201c&nbsp;<strong>Verhandlungstaktik<\/strong>?<\/li>\n\n\n\n<li>Unter welchen Bedingungen kann ein Vertrag, ein technischer Aspekt oder ein Preis in Frankreich und Deutschland&nbsp;<strong>nicht mehr bzw. noch (nach-) verhandelt werden<\/strong>?<\/li>\n\n\n\n<li>Welche Praktiken werden im Rahmen des&nbsp;<strong>Claim-Managements<\/strong>&nbsp;akzeptiert?<\/li>\n<\/ul>\n<\/div>\n\n\n\n<div class=\"wp-block-column is-layout-flow wp-block-column-is-layout-flow\">\n<p><strong><span class=\"dropcap circle yellow fletter\">I<\/span>n der Auftragserf\u00fcllung:<\/strong><\/p>\n\n\n\n<ul class=\"list-yellow-pen wp-block-list\">\n<li>In welchen Situationen neigt man im Rahmen der&nbsp;<strong>Vertragserf\u00fcllung<\/strong>&nbsp;zu Haarspalterei?<\/li>\n\n\n\n<li>Wie interpretiert man die&nbsp;<strong>Qualit\u00e4tsanforderungen<\/strong>&nbsp;\/ Null-Fehler-Toleranz \u2026 (bei Abnahmen \/ Lieferungen im Falle eines franz\u00f6sischen bzw. deutschen Kunden?)<\/li>\n\n\n\n<li>Wie geht man mit&nbsp;<strong>Spezifikations\u00e4nderungen oder Terminverschiebungen<\/strong>&nbsp;im Rahmen eines laufenden Projekts um?<\/li>\n<\/ul>\n<\/div>\n<\/div>\n\n\n\n<hr class=\"wp-block-separator has-text-color has-custom-jpb-yellow-color has-alpha-channel-opacity has-custom-jpb-yellow-background-color has-background is-style-wide\"\/>\n\n\n\n<div class=\"wp-block-columns is-layout-flex wp-container-core-columns-is-layout-28f84493 wp-block-columns-is-layout-flex\">\n<div class=\"wp-block-column is-layout-flow wp-block-column-is-layout-flow\">\n<div class=\"wp-block-group has-tertiary-background-color has-background has-global-padding is-layout-constrained wp-container-core-group-is-layout-a48f4d97 wp-block-group-is-layout-constrained\" style=\"padding-top:1em;padding-right:1em;padding-bottom:1em;padding-left:1em\">\n<ul class=\"list-small-arrows wp-block-list\">\n<li class=\"list-small-arrows\"><strong>Deutsch-franz\u00f6sische Kunden und Lieferanten reden immer mehr aneinander vorbei\u2026 und ver\u00e4rgern sich gegenseitig!<\/strong><\/li>\n<\/ul>\n<\/div>\n\n\n\n<p>H\u00e4ufig kommt es dadurch in der deutsch-franz\u00f6sischen Beziehung zu Belastungen und Misstrauen.<\/p>\n\n\n\n<p>Siehe ein allt\u00e4gliches Beispiel f\u00fcr ein Aneinandervorbeireden:&nbsp;<a href=\"https:\/\/www.jpb.net\/de\/deutsch-franzoesischer-beziehungsfall\/\" data-type=\"page\" data-id=\"3037\">Die deutsch-franz\u00f6sische Beziehungsfalle<\/a><\/p>\n\n\n\n<p><strong class=\"strorange\">Die Folgen k\u00f6nnen sehr schwerwiegend sein:<\/strong><\/p>\n\n\n\n<ul class=\"wp-block-list\">\n<li>Kontrolle, Druck und Schikanieren, die die Beziehung belasten und Spannungsfelder entstehen lassen.<\/li>\n\n\n\n<li>Demotivation, nicht ordnungsgem\u00e4\u00dfe Lieferungen, Verlust von Key-Playern, Existenzbedrohung des Lieferanten<\/li>\n\n\n\n<li>Verzugsp\u00f6nalen, finanzielle Verluste und andauernde Markt- und Auftragsverluste\u2026<\/li>\n<\/ul>\n<\/div>\n\n\n\n<div class=\"wp-block-column is-layout-flow wp-block-column-is-layout-flow\">\n<div class=\"wp-block-group has-border-color has-tertiary-border-color has-global-padding is-layout-constrained wp-container-core-group-is-layout-a48f4d97 wp-block-group-is-layout-constrained\" style=\"border-width:1px;padding-top:1em;padding-right:1em;padding-bottom:1em;padding-left:1em\">\n<h2 class=\"wp-block-heading\">\u00dcBERGEORDNETER JPB-NUTZEN IM RAHMEN EINER DEUTSCH-FRANZ\u00d6SISCHEN BEZIEHUNG ZWISCHEN KUNDE UND LIEFERANT<\/h2>\n\n\n\n<p>\u27a5 Effizienz-Gewinn: Vermeidung von Missverst\u00e4ndnissen, Fehlinterpretationen, Unterstellungen, Aneinandervorbeireden und Ausl\u00f6sen von kontraproduktiven Reaktionen<\/p>\n\n\n\n<div class=\"wp-block-buttons is-layout-flex wp-block-buttons-is-layout-flex\">\n<div class=\"wp-block-button\"><a class=\"wp-block-button__link has-base-color has-text-color has-link-color wp-element-button\" href=\"https:\/\/www.jpb.net\/de\/kontakt\/\"><strong>Kontaktieren Sie uns! \u27a4<\/strong><\/a><\/div>\n<\/div>\n<\/div>\n<\/div>\n<\/div>\n\n\n\n<hr class=\"wp-block-separator has-text-color has-custom-jpb-yellow-color has-alpha-channel-opacity has-custom-jpb-yellow-background-color has-background is-style-wide\"\/>\n\n\n\n<h4 class=\"wp-block-heading\">ZUR VERTIEFUNG DIESES THEMAS\u2026<\/h4>\n\n\n\n<p><span class=\"dropcap yellow\">1<\/span>Die deutsche Tochtergesellschaft der franz\u00f6sischen SAVENCIA Fromage &amp; Dairy Deutschland GmbH, weltweit die Nr. 1 im Bereich K\u00e4sespezialit\u00e4ten und -marken, ist ein Paradebeispiel f\u00fcr deutsch-franz\u00f6sische Synergien mit ihren Werken in Frankreich. Siehe dazu einige Stichworte zum JPB Know-how auf ihrer\u00a0<a href=\"https:\/\/savencia-fd.de\" target=\"_blank\" rel=\"noreferrer noopener\">Homepage savencia-fd.de<\/a>.<\/p>\n\n\n\n<hr class=\"wp-block-separator has-text-color has-custom-jpb-yellow-color has-alpha-channel-opacity has-custom-jpb-yellow-background-color has-background is-style-wide\"\/>\n\n\n\n<p><strong>AUF IHRE BED\u00dcRFNISSE ZUGESCHNITTEN<\/strong><\/p>\n\n\n\n<div class=\"wp-block-columns is-layout-flex wp-container-core-columns-is-layout-28f84493 wp-block-columns-is-layout-flex\">\n<div class=\"wp-block-column is-layout-flow wp-block-column-is-layout-flow\" style=\"flex-basis:15%\">\n<p class=\"strorange\"><strong>INDIVIDUEL<\/strong>L<\/p>\n<\/div>\n\n\n\n<div class=\"wp-block-column is-layout-flow wp-block-column-is-layout-flow\" style=\"flex-basis:50%\">\n<p>\u27a5&nbsp;<strong>Sensibilisierung oder Begleitung einer F\u00fchrungskraft<\/strong>&nbsp;oder einer Schl\u00fcssel-Schnittstelle<br>\u27a5&nbsp;<strong>Evaluierung, inwiefern Argumente<\/strong>&nbsp;Ihres Lieferanten oder Kunden berechtigt sind<br>\u27a5&nbsp;<strong>L\u00f6sung von Blockaden<\/strong>&nbsp;zwischen Kunden und Lieferanten<\/p>\n\n\n\n<p>\u27a5 (Re-)&nbsp;<strong>Expertisen zu St\u00f6rfaktoren<\/strong>zwischen Partnern<\/p>\n<\/div>\n\n\n\n<div class=\"wp-block-column is-layout-flow wp-block-column-is-layout-flow\" style=\"flex-basis:35%\">\n<p>Siehe&nbsp;<a href=\"https:\/\/www.jpb.net\/de\/deutsch-franzoesisches-coaching\/\" data-type=\"page\" data-id=\"3006\">Ma\u00dfgeschneidertes Einzel-Coaching<\/a><\/p>\n\n\n\n<p>Siehe&nbsp;<a href=\"https:\/\/www.jpb.net\/de\/deutsch-franzoesische-expertise\/\" data-type=\"page\" data-id=\"3007\">Management-Expertisen<\/a><\/p>\n\n\n\n<p>Siehe&nbsp;<a href=\"https:\/\/www.jpb.net\/de\/deutsch-franzosisches-teamcoaching\/\" data-type=\"page\" data-id=\"3016\">Team-Coaching<\/a>&nbsp;oder&nbsp;<a href=\"https:\/\/www.jpb.net\/de\/deutsch-franzoesische-begleitung\/\" data-type=\"page\" data-id=\"3008\">Begleitung von Organisationen<\/a><\/p>\n\n\n\n<p>Siehe&nbsp;<a href=\"https:\/\/www.jpb.net\/de\/deutsch-franzoesische-expertise\/\" data-type=\"page\" data-id=\"3007\">Fallbezogenes Coaching<\/a><\/p>\n<\/div>\n<\/div>\n\n\n\n<hr class=\"wp-block-separator has-text-color has-custom-jpb-yellow-color has-alpha-channel-opacity has-custom-jpb-yellow-background-color has-background is-style-wide\"\/>\n\n\n\n<div class=\"wp-block-columns is-layout-flex wp-container-core-columns-is-layout-28f84493 wp-block-columns-is-layout-flex\">\n<div class=\"wp-block-column is-layout-flow wp-block-column-is-layout-flow\" style=\"flex-basis:15%\">\n<p class=\"strorange\"><strong>KOLLEKTIV<\/strong><\/p>\n<\/div>\n\n\n\n<div class=\"wp-block-column is-layout-flow wp-block-column-is-layout-flow\" style=\"flex-basis:50%\">\n<p>\u27a5&nbsp;<strong>Sensibilisierung oder Begleitung einer F\u00fchrungskraft<\/strong>&nbsp;oder einer Schl\u00fcssel-Schnittstelle<br>\u27a5&nbsp;<strong>Evaluierung, inwiefern Argumente<\/strong>&nbsp;Ihres Lieferanten oder Kunden berechtigt sind<br>\u27a5&nbsp;<strong>L\u00f6sung von Blockaden<\/strong>&nbsp;zwischen Kunden und Lieferanten<br>\u27a5 (Re-)&nbsp;<strong>Expertisen zu St\u00f6rfaktoren<\/strong>zwischen Partnern<\/p>\n<\/div>\n\n\n\n<div class=\"wp-block-column is-layout-flow wp-block-column-is-layout-flow\" style=\"flex-basis:35%\">\n<p>Siehe&nbsp;<a href=\"https:\/\/www.jpb.net\/de\/deutsch-franzosisches-teamcoaching\/\" data-type=\"page\" data-id=\"3016\">Team-Coaching<\/a>&nbsp;<\/p>\n\n\n\n<p>Siehe&nbsp;<a href=\"https:\/\/www.jpb.net\/de\/deutsch-franzoesische-begleitung\/\" data-type=\"page\" data-id=\"3008\">Team-Begleitung<\/a><\/p>\n\n\n\n<p>Siehe&nbsp;<a href=\"https:\/\/www.jpb.net\/de\/deutsch-franzoesische-begleitung\/\" data-type=\"page\" data-id=\"3008\">Team-Begleitung<\/a><\/p>\n\n\n\n<p>Siehe&nbsp;<a href=\"https:\/\/www.jpb.net\/de\/deutsch-franzoesisches-coaching\/\" data-type=\"page\" data-id=\"3006\">Ma\u00dfgeschneidertes Einzel-Coaching<\/a><\/p>\n<\/div>\n<\/div>\n\n\n\n<hr class=\"wp-block-separator has-text-color has-custom-jpb-yellow-color has-alpha-channel-opacity has-custom-jpb-yellow-background-color has-background is-style-wide\"\/>\n\n\n\n<div class=\"wp-block-group has-global-padding is-layout-constrained wp-block-group-is-layout-constrained\">\n<div class=\"wp-block-columns has-contrast-color has-text-color is-layout-flex wp-container-core-columns-is-layout-28f84493 wp-block-columns-is-layout-flex\">\n<div class=\"wp-block-column is-layout-flow wp-block-column-is-layout-flow\" style=\"flex-basis:20%\">\n<figure class=\"wp-block-image size-full\"><img loading=\"lazy\" decoding=\"async\" width=\"150\" height=\"113\" src=\"https:\/\/www.jpb.net\/wp-content\/uploads\/2014\/01\/logo-jpb.jpg\" alt=\"Logo jpb\" class=\"wp-image-412\"\/><\/figure>\n<\/div>\n\n\n\n<div class=\"wp-block-column is-layout-flow wp-block-column-is-layout-flow\" style=\"flex-basis:80%\">\n<h2 class=\"wp-block-heading\">DIE COACH-EXPERTEN F\u00dcR DEUTSCH-FRANZ\u00d6SISCHES MANAGEMENT: 40 JAHRE PRAXIS<\/h2>\n\n\n\n<ul class=\"wp-block-list\">\n<li>Schnelle, pr\u00e4zise Aufdeckung der tieferen Ursachen von business-kulturellen St\u00f6rfaktoren,<\/li>\n\n\n\n<li>Breites Spektrum an bew\u00e4hrten Best Practices im (deutsch-franz\u00f6sischen) Management)<\/li>\n\n\n\n<li>Antizipieren der franz\u00f6sischen Reaktionen auf Management-L\u00f6sungen, je nach Kontext und Pers\u00f6nlichkeitsstruktur<\/li>\n<\/ul>\n<\/div>\n<\/div>\n\n\n\n<div class=\"wp-block-group has-global-padding is-layout-constrained wp-block-group-is-layout-constrained\">\n<div class=\"wp-block-advgb-image advgb-image-block full-width advgb-lightbox advgb-img-27fba542-3874-487d-81bb-53367a8d466c\" style=\"background-image:url(https:\/\/www.jpb.net\/wp-content\/uploads\/2014\/01\/JPB_6-consultants_tete-buste_a12.jpg);background-position:50% 31%;height:222px;width:500px;justify-content:flex-end;align-items:center\" data-image=\"https:\/\/www.jpb.net\/wp-content\/uploads\/2014\/01\/JPB_6-consultants_tete-buste_a12.jpg\"><a class=\"advgb-image-overlay\" style=\"background-color:#000\" target=\"_blank\" rel=\"noopener noreferrer\"><\/a><h4 class=\"advgb-image-title\" style=\"color:#fff\">Das JPB Team<\/h4><\/div>\n\n\n\n<div class=\"wp-block-buttons is-layout-flex wp-block-buttons-is-layout-flex\">\n<div class=\"wp-block-button\"><a class=\"wp-block-button__link has-base-color has-text-color has-link-color has-text-align-center wp-element-button\" href=\"https:\/\/www.jpb.net\/de\/team\/\"><strong>&gt; Lernen Sie das Team von JPB kennen!<\/strong><\/a><\/div>\n<\/div>\n<\/div>\n<\/div>\n\n\n\n<hr class=\"wp-block-separator has-text-color has-custom-jpb-yellow-color has-alpha-channel-opacity has-custom-jpb-yellow-background-color has-background is-style-wide\"\/>\n\n\n\n<div class=\"wp-block-columns has-contrast-color has-text-color is-layout-flex wp-container-core-columns-is-layout-28f84493 wp-block-columns-is-layout-flex\">\n<div class=\"wp-block-column is-layout-flow wp-block-column-is-layout-flow\" style=\"padding-top:1em;padding-right:1em;padding-bottom:1em;padding-left:1em\">\n<div class=\"wp-block-group is-nowrap is-layout-flex wp-container-core-group-is-layout-f66f9956 wp-block-group-is-layout-flex\">\n<div class=\"wp-block-outermost-icon-block\"><div class=\"icon-container\" style=\"width:2.5em\"><svg xmlns=\"http:\/\/www.w3.org\/2000\/svg\" width=\"16\" height=\"16\" viewBox=\"0 0 16 16\"><path fill=\"currentColor\" d=\"M11 2.5a2.5 2.5 0 1 1 .603 1.628l-6.718 3.12a2.5 2.5 0 0 1 0 1.504l6.718 3.12a2.5 2.5 0 1 1-.488.876l-6.718-3.12a2.5 2.5 0 1 1 0-3.256l6.718-3.12A2.5 2.5 0 0 1 11 2.5\"><\/path><\/svg><\/div><\/div>\n\n\n\n<div class=\"wp-block-group is-vertical is-layout-flex wp-container-core-group-is-layout-fe9cc265 wp-block-group-is-layout-flex\">\n<p>Bestimmt kennen Sie Kollegen, die mit deutsch-franz\u00f6sischen Problemstellungen konfrontiert sind?<\/p>\n\n\n\n<p>Empfehlen Sie diese Seite m\u00f6glichen Interessenten!<\/p>\n<\/div>\n<\/div>\n<\/div>\n\n\n\n<div class=\"wp-block-column has-tertiary-background-color has-background is-layout-flow wp-block-column-is-layout-flow\" style=\"padding-top:1em;padding-right:1em;padding-bottom:1em;padding-left:1em\">\n<div class=\"wp-block-group is-nowrap is-layout-flex wp-container-core-group-is-layout-f66f9956 wp-block-group-is-layout-flex\">\n<div class=\"wp-block-outermost-icon-block\"><div class=\"icon-container\" style=\"width:3em\"><svg xmlns=\"http:\/\/www.w3.org\/2000\/svg\" width=\"36\" height=\"36\" viewBox=\"0 0 36 36\"><path fill=\"currentColor\" d=\"M32 6H4a2 2 0 0 0-2 2v20a2 2 0 0 0 2 2h28a2 2 0 0 0 2-2V8a2 2 0 0 0-2-2m-1.54 22H5.66l7-7.24l-1.44-1.39L4 26.84V9.52l12.43 12.37a2 2 0 0 0 2.82 0L32 9.21v17.5l-7.36-7.36l-1.41 1.41ZM5.31 8h25.07L17.84 20.47Z\" class=\"clr-i-outline clr-i-outline-path-1\"><\/path><path fill=\"none\" d=\"M0 0h36v36H0z\"><\/path><\/svg><\/div><\/div>\n\n\n\n<p>Kontakt:<br>00.33.1.39.16.95.17<br><a href=\"mailto:jpb@jpb.net\" target=\"_blank\" rel=\"jpb@jpb.net noopener nofollow\">jpb@jpb.net<\/a><\/p>\n<\/div>\n<\/div>\n<\/div>\n<style class=\"advgb-styles-renderer\">.advgb-img-27fba542-3874-487d-81bb-53367a8d466c.advgb-image-block .advgb-image-overlay{opacity:0.25 !important;}.advgb-img-27fba542-3874-487d-81bb-53367a8d466c.advgb-image-block:hover .advgb-image-overlay{opacity:0 !important;}.advgb-img-27fba542-3874-487d-81bb-53367a8d466c.advgb-image-block .advgb-image-overlay{opacity:0.25 !important;}.advgb-img-27fba542-3874-487d-81bb-53367a8d466c.advgb-image-block:hover .advgb-image-overlay{opacity:0 !important;}.advgb-img-27fba542-3874-487d-81bb-53367a8d466c.advgb-image-block .advgb-image-overlay{opacity:0.25 !important;}.advgb-img-27fba542-3874-487d-81bb-53367a8d466c.advgb-image-block:hover .advgb-image-overlay{opacity:0 !important;}<\/style>","protected":false},"excerpt":{"rendered":"<p>DEUTSCH-FRANZ\u00d6SISCHE BEZIEHUNG ZWISCHEN KUNDE UND LIEFERANT Zwischen Kunden und Lieferanten besteht im Allgemeinen die Herausforderung darin, eine gesunde&nbsp;&#8222;partnerschaftliche Beziehung&#8220;&nbsp;aufzubauen, die f\u00fcr beide Seiten profitabel ist und \u00fcber Machtverh\u00e4ltnisse und unterschiedliche Interessen hinausgeht. All dies hat nichts mit der deutsch-franz\u00f6sischen Problematik zu tun, denken Sie? Auf den ersten Blick wohl nicht, aber\u2026 IMMER WIEDERKEHRENDE, TYPISCH DEUTSCH-FRANZ\u00d6SISCHE [&hellip;]<\/p>\n","protected":false},"author":1,"featured_media":2429,"parent":0,"menu_order":0,"comment_status":"closed","ping_status":"closed","template":"wp-custom-template-page-jpb","meta":{"advgb_blocks_editor_width":"","advgb_blocks_columns_visual_guide":"","footnotes":""},"class_list":["post-3031","page","type-page","status-publish","has-post-thumbnail","hentry"],"coauthors":[],"author_meta":{"author_link":"https:\/\/www.jpb.net\/de\/author\/mbd-berlin\/","display_name":"mbd.berlin"},"relative_dates":{"created":"Ver\u00f6ffentlicht 2\u00a0Jahren vor","modified":"Aktualisiert 2\u00a0Jahren vor"},"absolute_dates":{"created":"Ver\u00f6ffentlicht am 19. Dezember 2023","modified":"Aktualisiert am 25. Januar 2024"},"absolute_dates_time":{"created":"Ver\u00f6ffentlicht am 19. Dezember 2023 13:00","modified":"Aktualisiert am 25. Januar 2024 1:11"},"featured_img_caption":"","featured_img":"https:\/\/www.jpb.net\/wp-content\/uploads\/2014\/05\/ps2-client-franco-allemandv2.jpg","series_order":"","_links":{"self":[{"href":"https:\/\/www.jpb.net\/de\/wp-json\/wp\/v2\/pages\/3031","targetHints":{"allow":["GET"]}}],"collection":[{"href":"https:\/\/www.jpb.net\/de\/wp-json\/wp\/v2\/pages"}],"about":[{"href":"https:\/\/www.jpb.net\/de\/wp-json\/wp\/v2\/types\/page"}],"author":[{"embeddable":true,"href":"https:\/\/www.jpb.net\/de\/wp-json\/wp\/v2\/users\/1"}],"replies":[{"embeddable":true,"href":"https:\/\/www.jpb.net\/de\/wp-json\/wp\/v2\/comments?post=3031"}],"version-history":[{"count":10,"href":"https:\/\/www.jpb.net\/de\/wp-json\/wp\/v2\/pages\/3031\/revisions"}],"predecessor-version":[{"id":6346,"href":"https:\/\/www.jpb.net\/de\/wp-json\/wp\/v2\/pages\/3031\/revisions\/6346"}],"wp:featuredmedia":[{"embeddable":true,"href":"https:\/\/www.jpb.net\/de\/wp-json\/wp\/v2\/media\/2429"}],"wp:attachment":[{"href":"https:\/\/www.jpb.net\/de\/wp-json\/wp\/v2\/media?parent=3031"}],"curies":[{"name":"wp","href":"https:\/\/api.w.org\/{rel}","templated":true}]}}