{"id":3058,"date":"2023-12-21T11:09:35","date_gmt":"2023-12-21T11:09:35","guid":{"rendered":"https:\/\/www.jpb.net\/?page_id=3058"},"modified":"2024-02-02T18:20:10","modified_gmt":"2024-02-02T18:20:10","slug":"dienstleister","status":"publish","type":"page","link":"https:\/\/www.jpb.net\/de\/dienstleister\/","title":{"rendered":"Komplement\u00e4re Dienstleister"},"content":{"rendered":"\n<div class=\"wp-block-cover alignwide is-light\" style=\"min-height:314px;aspect-ratio:unset;\"><span aria-hidden=\"true\" class=\"wp-block-cover__background has-background-dim-0 has-background-dim\"><\/span><img loading=\"lazy\" decoding=\"async\" width=\"940\" height=\"250\" src=\"https:\/\/www.jpb.net\/wp-content\/uploads\/2014\/05\/a4-prescripteur-franco-allemand-v2.jpg\" class=\"wp-block-cover__image-background wp-post-image\" alt=\"\" data-object-fit=\"cover\" srcset=\"https:\/\/www.jpb.net\/wp-content\/uploads\/2014\/05\/a4-prescripteur-franco-allemand-v2.jpg 940w, https:\/\/www.jpb.net\/wp-content\/uploads\/2014\/05\/a4-prescripteur-franco-allemand-v2-300x80.jpg 300w, https:\/\/www.jpb.net\/wp-content\/uploads\/2014\/05\/a4-prescripteur-franco-allemand-v2-768x204.jpg 768w\" sizes=\"auto, (max-width: 940px) 100vw, 940px\" \/><div class=\"wp-block-cover__inner-container is-layout-flow wp-block-cover-is-layout-flow\">\n<div class=\"wp-block-group is-content-justification-left is-nowrap is-layout-flex wp-container-core-group-is-layout-c1c43fa8 wp-block-group-is-layout-flex\" style=\"margin-top:0;margin-bottom:0;padding-top:0;padding-right:0;padding-bottom:0;padding-left:0\">\n<p class=\"header-whiteline\" style=\"margin-top:0em;margin-right:0;margin-bottom:0;margin-left:var(--wp--preset--spacing--30);padding-top:0.17em;padding-right:0.17em;padding-bottom:0.17em;padding-left:0.17em;font-size:clamp(1.039em, 1.039rem + ((1vw - 0.2em) * 1.02), 1.6em);\"><strong><strong><strong><strong><strong><strong>Kollegen verwandter Fachgebiete\u2026<\/strong><\/strong><\/strong><\/strong><\/strong><\/strong><\/p>\n<\/div>\n\n\n\n<div class=\"wp-block-group is-nowrap is-layout-flex wp-container-core-group-is-layout-7489f87b wp-block-group-is-layout-flex\" style=\"margin-top:0px;margin-bottom:0px;padding-top:0\">\n<p class=\"has-text-align-left header-yellowline\" style=\"margin-top:0;margin-bottom:0em;margin-left:var(--wp--preset--spacing--30);padding-top:0.17em;padding-right:0.17em;padding-bottom:0.17em;padding-left:0.17em;font-size:clamp(1.039em, 1.039rem + ((1vw - 0.2em) * 1.02), 1.6em);\"><strong><strong><strong><strong><strong><strong>Kooperieren wir zum Wohle unserer deutsch-franz\u00f6sischen Kunden!<\/strong><\/strong><\/strong><\/strong><\/strong><\/strong><\/p>\n<\/div>\n<\/div><\/div>\n\n\n<h2 class=\"wp-block-post-title\">Komplement\u00e4re Dienstleister<\/h2>\n\n\n<div class=\"wp-block-group is-nowrap is-layout-flex wp-container-core-group-is-layout-b79ae030 wp-block-group-is-layout-flex\" style=\"padding-right:0px;padding-left:0px;font-size:0.8em\">\n<p>Lire cette page \u00e0 partir d&#8217;un point de vue fran\u00e7ais:<\/p>\n\n\n\n<div class=\"wp-block-group lang-inline has-global-padding is-content-justification-left is-layout-constrained wp-container-core-group-is-layout-eec01751 wp-block-group-is-layout-constrained\" style=\"padding-right:0px;padding-left:0px\">\n<div role=\"navigation\" aria-label=\"Sprachwechsler\" class=\"wpml-ls-statics-shortcode_actions wpml-ls wpml-ls-legacy-list-horizontal\">\n\t<ul><li class=\"wpml-ls-slot-shortcode_actions wpml-ls-item wpml-ls-item-fr wpml-ls-first-item wpml-ls-last-item wpml-ls-item-legacy-list-horizontal\">\n\t\t\t\t<a href=\"https:\/\/www.jpb.net\/\" hreflang=\"fr\" lang=\"fr\" class=\"wpml-ls-link\" aria-label=\"Wechseln zu Franz\u00f6sisch\" title=\"Wechseln zu Franz\u00f6sisch\">\n\t\t\t\t\t<span class=\"wpml-ls-display\">Franz\u00f6sisch<\/span><\/a>\n\t\t\t<\/li><\/ul>\n<\/div>\n\n<\/div>\n<\/div>\n\n\n\n<h5 class=\"wp-block-heading\">Kooperationsangebot an Dienstleister aus komplement\u00e4ren Fachbereichen<\/h5>\n\n\n\n<p>Viele von uns Dienstleistern arbeiten in komplement\u00e4ren Bereichen f\u00fcr franz\u00f6sische \/ deutsche Unternehmen, die mit deutsch-franz\u00f6sischen Problemstellungen konfrontiert sind.<\/p>\n\n\n\n<p><strong>Da wir dasselbe Ziel verfolgen, k\u00f6nnen wir im Interesse unserer Kunden und zu unserem gegenseitigen Vorteil zusammenarbeiten!<\/strong><\/p>\n\n\n\n<p><strong>Sehr geehrte Anw\u00e4lte und Fachkollegen in den Bereichen\u2026<\/strong><\/p>\n\n\n\n<ul class=\"list-circle-checks wp-block-list\">\n<li>(Change-) Management<\/li>\n\n\n\n<li>Transaktionen \/ Mergers &amp; Acquisitions und &#8222;Post-Merger-Integration&#8220;<\/li>\n\n\n\n<li>Strategie und Organisation<\/li>\n\n\n\n<li>HR-Management \/ Personalsuche\u2026<\/li>\n\n\n\n<li>Wirtschaftsrecht, Handelsrecht, Arbeitsrecht, gewerbliche Schutzrechte\u2026<\/li>\n\n\n\n<li>Steuerberatung und Wirtschaftspr\u00fcfung<\/li>\n\n\n\n<li>Marketing \/ Werbung \u2026<\/li>\n<\/ul>\n\n\n\n<p>UNSERE EXPERTISE IM DEUTSCH-FRANZ\u00d6SISCHEN MANAGEMENT KANN IHNEN FOLGENDEN NUTZEN BRINGEN:<\/p>\n\n\n\n<div class=\"wp-block-columns is-layout-flex wp-container-core-columns-is-layout-28f84493 wp-block-columns-is-layout-flex\">\n<div class=\"wp-block-column is-layout-flow wp-block-column-is-layout-flow\" style=\"flex-basis:20%\">\n<p class=\"has-text-align-center\" style=\"font-size:clamp(3.8em, 3.8rem + ((1vw - 0.2em) * 7.636), 8em);line-height:1\">1<\/p>\n<\/div>\n\n\n\n<div class=\"wp-block-column is-layout-flow wp-block-column-is-layout-flow\" style=\"flex-basis:66.66%\">\n<h5 class=\"wp-block-heading has-luminous-vivid-amber-color has-text-color has-link-color wp-elements-df7a3125990a69f8b49b891b9e20f306\"><strong>Mitwirken an der Nachhaltigkeit der Ergebnisse Ihrer Mandate, indem wir folgenden Beitrag leisten:<\/strong><\/h5>\n\n\n\n<ul class=\"wp-block-list\">\n<li><strong>Langfristiger Bestand der Zusammenarbeit&nbsp;der von Ihnen zusammengef\u00fchrten Unternehmen&nbsp;<\/strong>(<a href=\"https:\/\/www.jpb.net\/de\/deutsch-franzoesische-begleitung\/\" data-type=\"page\" data-id=\"3008\">\u27a0 Begleitung von Organisationen<\/a>)&nbsp;<\/li>\n\n\n\n<li><strong>Erfolgreiche Integration der von Ihnen vermittelten Bewerber (<\/strong><a href=\"https:\/\/www.jpb.net\/de\/deutsch-franzoesisches-coaching\/\" data-type=\"page\" data-id=\"3006\">\u27a0 Einzel-Coaching<\/a>)<\/li>\n<\/ul>\n<\/div>\n<\/div>\n\n\n\n<div class=\"wp-block-columns is-layout-flex wp-container-core-columns-is-layout-28f84493 wp-block-columns-is-layout-flex\">\n<div class=\"wp-block-column is-layout-flow wp-block-column-is-layout-flow\" style=\"flex-basis:20%\">\n<p class=\"has-text-align-center\" style=\"font-size:clamp(3.8em, 3.8rem + ((1vw - 0.2em) * 7.636), 8em);line-height:1\">2<\/p>\n<\/div>\n\n\n\n<div class=\"wp-block-column is-layout-flow wp-block-column-is-layout-flow\" style=\"flex-basis:66.66%\">\n<h5 class=\"wp-block-heading has-luminous-vivid-amber-color has-text-color has-link-color wp-elements-5267d084fc36ce21d81b600187dacc33\"><strong>Unterst\u00fctzung und Legitimierung Ihrer Angebote und Empfehlungen, so dass:<\/strong><\/h5>\n\n\n\n<ul class=\"wp-block-list\">\n<li><strong>die franz\u00f6sischen Counterparts Ihres Kunden&nbsp;<\/strong>d&#8217;Outre-Rhin&nbsp;<strong>sich Ihre Empfehlungen zu eigen machen&nbsp;<\/strong><\/li>\n\n\n\n<li><strong>Ihr Kunde daf\u00fcr sensibilisiert wird,<\/strong>&nbsp;was ihn in Frankreich erwartet&nbsp;<\/li>\n\n\n\n<li><strong>Ihr franz\u00f6sischer Kunde davon \u00fcberzeugt ist,&nbsp;<\/strong>dass die von Ihnen empfohlene Strategie wirklich die richtige ist&nbsp;<\/li>\n\n\n\n<li>der (franz\u00f6sische) Partner Ihres Kunden&nbsp;<strong>Ihre Empfehlungen nachvollziehen kann&nbsp;<\/strong><\/li>\n\n\n\n<li><strong>Ihrem Kunden Ihre Diagnose der Tochtergesellschaft bekr\u00e4ftigt wird&nbsp;<\/strong>(emotionale Diagnose)\u27a0&nbsp;<a href=\"https:\/\/www.jpb.net\/de\/deutsch-franzoesische-expertise\/\" data-type=\"page\" data-id=\"3007\">Siehe: Fallbezogenes operatives Coaching<\/a><\/li>\n<\/ul>\n<\/div>\n<\/div>\n\n\n\n<div class=\"wp-block-columns is-layout-flex wp-container-core-columns-is-layout-28f84493 wp-block-columns-is-layout-flex\">\n<div class=\"wp-block-column is-layout-flow wp-block-column-is-layout-flow\" style=\"flex-basis:20%\">\n<p class=\"has-text-align-center\" style=\"font-size:clamp(3.8em, 3.8rem + ((1vw - 0.2em) * 7.636), 8em);line-height:1\">3<\/p>\n<\/div>\n\n\n\n<div class=\"wp-block-column is-layout-flow wp-block-column-is-layout-flow\" style=\"flex-basis:66.66%\">\n<h5 class=\"wp-block-heading has-luminous-vivid-amber-color has-text-color has-link-color wp-elements-d23e33e648d1d7e7aa6140b7feb75a04\"><strong>Unterst\u00fctzung bei der Fertigstellung Ihres Kundenauftrages, so dass:<\/strong><\/h5>\n\n\n\n<ul class=\"wp-block-list\">\n<li><strong>sich der von Ihnen vermittelte Bewerber bewusst wird, was ihn erwartet&nbsp;<\/strong>(\u27a0 <a href=\"https:\/\/www.jpb.net\/de\/deutsch-franzoesische-expertise\/\" data-type=\"page\" data-id=\"3007\">Fallbezogenes operatives Coaching<\/a>&nbsp;oder&nbsp;<a href=\"https:\/\/www.jpb.net\/de\/deutsch-franzoesisches-coaching\/\" data-type=\"page\" data-id=\"3006\">\u27a0Einzel-Coaching<\/a>)<\/li>\n\n\n\n<li><strong>Ihnen die Sozialkompetenz des von Ihnen vermittelten Bewerbers best\u00e4tigt wird<\/strong>&nbsp;und zwar nach Ma\u00dfgabe seines neuen Umfelds (<a href=\"https:\/\/www.jpb.net\/de\/team\/\" data-type=\"page\" data-id=\"3042\">Diagnose<\/a>: seiner business-kulturellen Sozialkompetenz)<\/li>\n\n\n\n<li><strong>Sie die Kompatibilit\u00e4t der Unternehmenskulturen der Gesellschaften, die zusammenzuf\u00fchren sind, begutachten<\/strong>&nbsp;(\u27a0 <a href=\"https:\/\/www.jpb.net\/de\/deutsch-franzoesische-expertise\/\" data-type=\"page\" data-id=\"3007\">Fallbezogenes operatives Coaching<\/a>: Business-kulturelle &#8222;Due Diligence&#8220;)<\/li>\n\n\n\n<li><strong>sterile Verhandlungsdiskussionen<\/strong>&nbsp;zwischen Ihren Kunden in einen effizienten Austausch&nbsp;<strong>verwandelt werden<\/strong>&nbsp;(\u27a0 <a href=\"https:\/\/www.jpb.net\/de\/deutsch-franzoesisches-coaching\/\" data-type=\"page\" data-id=\"3006\">Coaching-Mediation<\/a>)<\/li>\n<\/ul>\n<\/div>\n<\/div>\n\n\n\n<p><strong><strong>\u2794 Ersparen Sie Ihren Kunden Missverst\u00e4ndnisse, Fehlinterpretationen, Aneinadervorbeireden und Ausl\u00f6sen von kontraproduktiven Reaktionen.&nbsp;<\/strong><\/strong><\/p>\n\n\n\n<hr class=\"wp-block-separator has-text-color has-custom-jpb-yellow-color has-alpha-channel-opacity has-custom-jpb-yellow-background-color has-background is-style-wide\"\/>\n\n\n\n<h2 class=\"wp-block-heading\">WEITERE INFORMATIONEN FINDEN SIE HIER<\/h2>\n\n\n\n<p><a href=\"https:\/\/www.jpb.net\/de\/berechenbare-franzosen\/\" data-type=\"page\" data-id=\"3040\">\u27a0 Wann werden Franzosen berechenbar<\/a><\/p>\n\n\n\n<p><a href=\"https:\/\/www.jpb.net\/de\/leistungen\/\" data-type=\"page\" data-id=\"2885\">\u27a0 Seite: Darstellung der Dienstleistungen von JPB<\/a><\/p>\n\n\n\n<hr class=\"wp-block-separator has-text-color has-custom-jpb-yellow-color has-alpha-channel-opacity has-custom-jpb-yellow-background-color has-background is-style-wide\"\/>\n\n\n\n<div class=\"wp-block-columns has-contrast-color has-text-color is-layout-flex wp-container-core-columns-is-layout-28f84493 wp-block-columns-is-layout-flex\">\n<div class=\"wp-block-column is-layout-flow wp-block-column-is-layout-flow\" style=\"padding-top:1em;padding-right:1em;padding-bottom:1em;padding-left:1em\">\n<div class=\"wp-block-group is-nowrap is-layout-flex wp-container-core-group-is-layout-f66f9956 wp-block-group-is-layout-flex\">\n<div class=\"wp-block-outermost-icon-block\"><div class=\"icon-container\" style=\"width:2.5em\"><svg xmlns=\"http:\/\/www.w3.org\/2000\/svg\" width=\"16\" height=\"16\" viewBox=\"0 0 16 16\"><path fill=\"currentColor\" d=\"M11 2.5a2.5 2.5 0 1 1 .603 1.628l-6.718 3.12a2.5 2.5 0 0 1 0 1.504l6.718 3.12a2.5 2.5 0 1 1-.488.876l-6.718-3.12a2.5 2.5 0 1 1 0-3.256l6.718-3.12A2.5 2.5 0 0 1 11 2.5\"><\/path><\/svg><\/div><\/div>\n\n\n\n<div class=\"wp-block-group is-vertical is-layout-flex wp-container-core-group-is-layout-fe9cc265 wp-block-group-is-layout-flex\">\n<p>Bestimmt kennen Sie Kollegen, die mit deutsch-franz\u00f6sischen Problemstellungen konfrontiert sind?<\/p>\n\n\n\n<p>Empfehlen Sie diese Seite m\u00f6glichen Interessenten!<\/p>\n<\/div>\n<\/div>\n<\/div>\n\n\n\n<div class=\"wp-block-column has-tertiary-background-color has-background is-layout-flow wp-block-column-is-layout-flow\" style=\"padding-top:1em;padding-right:1em;padding-bottom:1em;padding-left:1em\">\n<div class=\"wp-block-group is-nowrap is-layout-flex wp-container-core-group-is-layout-f66f9956 wp-block-group-is-layout-flex\">\n<div class=\"wp-block-outermost-icon-block\"><div class=\"icon-container\" style=\"width:3em\"><svg xmlns=\"http:\/\/www.w3.org\/2000\/svg\" width=\"36\" height=\"36\" viewBox=\"0 0 36 36\"><path fill=\"currentColor\" d=\"M32 6H4a2 2 0 0 0-2 2v20a2 2 0 0 0 2 2h28a2 2 0 0 0 2-2V8a2 2 0 0 0-2-2m-1.54 22H5.66l7-7.24l-1.44-1.39L4 26.84V9.52l12.43 12.37a2 2 0 0 0 2.82 0L32 9.21v17.5l-7.36-7.36l-1.41 1.41ZM5.31 8h25.07L17.84 20.47Z\" class=\"clr-i-outline clr-i-outline-path-1\"><\/path><path fill=\"none\" d=\"M0 0h36v36H0z\"><\/path><\/svg><\/div><\/div>\n\n\n\n<p>Kontakt:<br>00.33.1.39.16.95.17<br><a href=\"mailto:jpb@jpb.net\" target=\"_blank\" rel=\"jpb@jpb.net noopener nofollow\">jpb@jpb.net<\/a><\/p>\n<\/div>\n<\/div>\n<\/div>\n","protected":false},"excerpt":{"rendered":"<p>Kooperationsangebot an Dienstleister aus komplement\u00e4ren Fachbereichen Viele von uns Dienstleistern arbeiten in komplement\u00e4ren Bereichen f\u00fcr franz\u00f6sische \/ deutsche Unternehmen, die mit deutsch-franz\u00f6sischen Problemstellungen konfrontiert sind. Da wir dasselbe Ziel verfolgen, k\u00f6nnen wir im Interesse unserer Kunden und zu unserem gegenseitigen Vorteil zusammenarbeiten! Sehr geehrte Anw\u00e4lte und Fachkollegen in den Bereichen\u2026 UNSERE EXPERTISE IM DEUTSCH-FRANZ\u00d6SISCHEN MANAGEMENT [&hellip;]<\/p>\n","protected":false},"author":1,"featured_media":2401,"parent":0,"menu_order":0,"comment_status":"closed","ping_status":"closed","template":"wp-custom-template-page-jpb","meta":{"advgb_blocks_editor_width":"","advgb_blocks_columns_visual_guide":"","footnotes":""},"class_list":["post-3058","page","type-page","status-publish","has-post-thumbnail","hentry"],"coauthors":[],"author_meta":{"author_link":"https:\/\/www.jpb.net\/de\/author\/mbd-berlin\/","display_name":"mbd.berlin"},"relative_dates":{"created":"Ver\u00f6ffentlicht 2\u00a0Jahren vor","modified":"Aktualisiert 2\u00a0Jahren vor"},"absolute_dates":{"created":"Ver\u00f6ffentlicht am 21. Dezember 2023","modified":"Aktualisiert am 2. Februar 2024"},"absolute_dates_time":{"created":"Ver\u00f6ffentlicht am 21. Dezember 2023 11:09","modified":"Aktualisiert am 2. Februar 2024 18:20"},"featured_img_caption":"","featured_img":"https:\/\/www.jpb.net\/wp-content\/uploads\/2014\/05\/a4-prescripteur-franco-allemand-v2.jpg","series_order":"","_links":{"self":[{"href":"https:\/\/www.jpb.net\/de\/wp-json\/wp\/v2\/pages\/3058","targetHints":{"allow":["GET"]}}],"collection":[{"href":"https:\/\/www.jpb.net\/de\/wp-json\/wp\/v2\/pages"}],"about":[{"href":"https:\/\/www.jpb.net\/de\/wp-json\/wp\/v2\/types\/page"}],"author":[{"embeddable":true,"href":"https:\/\/www.jpb.net\/de\/wp-json\/wp\/v2\/users\/1"}],"replies":[{"embeddable":true,"href":"https:\/\/www.jpb.net\/de\/wp-json\/wp\/v2\/comments?post=3058"}],"version-history":[{"count":4,"href":"https:\/\/www.jpb.net\/de\/wp-json\/wp\/v2\/pages\/3058\/revisions"}],"predecessor-version":[{"id":6809,"href":"https:\/\/www.jpb.net\/de\/wp-json\/wp\/v2\/pages\/3058\/revisions\/6809"}],"wp:featuredmedia":[{"embeddable":true,"href":"https:\/\/www.jpb.net\/de\/wp-json\/wp\/v2\/media\/2401"}],"wp:attachment":[{"href":"https:\/\/www.jpb.net\/de\/wp-json\/wp\/v2\/media?parent=3058"}],"curies":[{"name":"wp","href":"https:\/\/api.w.org\/{rel}","templated":true}]}}