{"id":5706,"date":"2023-12-21T12:09:22","date_gmt":"2023-12-21T12:09:22","guid":{"rendered":"https:\/\/www.jpb.net\/?page_id=5706"},"modified":"2024-01-25T01:44:15","modified_gmt":"2024-01-25T01:44:15","slug":"pierre-frot","status":"publish","type":"page","link":"https:\/\/www.jpb.net\/de\/pierre-frot\/","title":{"rendered":"Pierre Frot"},"content":{"rendered":"\n<div class=\"wp-block-group has-global-padding is-layout-constrained wp-block-group-is-layout-constrained\">\n<div class=\"wp-block-group is-nowrap is-layout-flex wp-container-core-group-is-layout-b79ae030 wp-block-group-is-layout-flex\" style=\"padding-right:0px;padding-left:0px;font-size:0.8em\">\n<p>Lire cette page \u00e0 partir d&#8217;un point de vue fran\u00e7ais:<\/p>\n\n\n\n<div class=\"wp-block-group lang-inline has-global-padding is-content-justification-left is-layout-constrained wp-container-core-group-is-layout-eec01751 wp-block-group-is-layout-constrained\" style=\"padding-right:0px;padding-left:0px\">\n<div role=\"navigation\" aria-label=\"Sprachwechsler\" class=\"wpml-ls-statics-shortcode_actions wpml-ls wpml-ls-legacy-list-horizontal\">\n\t<ul><li class=\"wpml-ls-slot-shortcode_actions wpml-ls-item wpml-ls-item-fr wpml-ls-first-item wpml-ls-last-item wpml-ls-item-legacy-list-horizontal\">\n\t\t\t\t<a href=\"https:\/\/www.jpb.net\/\" hreflang=\"fr\" lang=\"fr\" class=\"wpml-ls-link\" aria-label=\"Wechseln zu Franz\u00f6sisch\" title=\"Wechseln zu Franz\u00f6sisch\">\n\t\t\t\t\t<span class=\"wpml-ls-display\">Franz\u00f6sisch<\/span><\/a>\n\t\t\t<\/li><\/ul>\n<\/div>\n\n<\/div>\n<\/div>\n\n\n\n<figure class=\"wp-block-image alignright size-full is-resized has-custom-border\"><img loading=\"lazy\" decoding=\"async\" width=\"322\" height=\"403\" src=\"https:\/\/www.jpb.net\/wp-content\/uploads\/2014\/02\/frot.jpg\" alt=\"Pierre Frot\" class=\"has-border-color has-tertiary-border-color wp-image-773\" style=\"border-width:1px;width:280px\" srcset=\"https:\/\/www.jpb.net\/wp-content\/uploads\/2014\/02\/frot.jpg 322w, https:\/\/www.jpb.net\/wp-content\/uploads\/2014\/02\/frot-240x300.jpg 240w\" sizes=\"auto, (max-width: 322px) 100vw, 322px\" \/><figcaption class=\"wp-element-caption\">Pierre Frot<\/figcaption><\/figure>\n\n\n\n<h3 class=\"wp-block-heading\">EXPERTISE &amp; T\u00c4TIGKEITSSCHWERPUNKTE:<\/h3>\n\n\n\n<ul class=\"wp-block-list\">\n<li>Internationale Post-Merger-Integrations-Projekte,<\/li>\n\n\n\n<li>Change-Management und Begleitung von Umstrukturierungsprojekten,<\/li>\n\n\n\n<li>Executive-Coaching,<\/li>\n\n\n\n<li>Business-kulturelle Begleitung &amp; Mediation in Kooperationsprojekten,<\/li>\n\n\n\n<li>Meine sowohl technische als auch betriebswirtschaftliche und geisteswissenschaftliche Ausbildung, sowie zehnj\u00e4hrige Erfahrung im Organisationsmanagement in gro\u00dfen amerikanischen Unternehmensberatungen, und mehr als 15 Jahre Teamcoaching erlauben mir, die komplexesten Probleme des Change-Managements aus sowohl sehr verschiedenen als auch komplement\u00e4ren Sichtweisen zu betrachten.<\/li>\n<\/ul>\n\n\n\n<h3 class=\"wp-block-heading\">BERUFSERFAHRUNG:<\/h3>\n\n\n\n<ul class=\"wp-block-list\">\n<li>Berater und Projektmanager bei der Boston Consulting Group in Paris und M\u00fcnchen,<\/li>\n\n\n\n<li>Gesch\u00e4ftsf\u00fchrer der deutsche Dependenz der Unternehmensberatungsfirma CSC-Index, verantwortlich f\u00fcr D\/A\/CH und 40 Berater,<\/li>\n\n\n\n<li>Seit 2001 selbstst\u00e4ndiger Berater, seit 2004 Senior Consultant bei JPB Consulting,<\/li>\n\n\n\n<li>Beratungsprojekte in Frankreich, Deutschland, Gro\u00dfbritannien, USA, \u00d6sterreich, Belgien, Holland, Luxemburg, Spanien, Italien und in der Schweiz.<\/li>\n<\/ul>\n\n\n\n<h3 class=\"wp-block-heading\">AUSBILDUNG:<\/h3>\n\n\n\n<ul class=\"wp-block-list\">\n<li>Abitur 1981 in Nemours, Frankreich,<\/li>\n\n\n\n<li>MSc. \u2013 Franz. technische Universit\u00e4t f\u00fcr Luft und Raumfahrt (Sup. A\u00e9ro.), Toulouse, Frankreich,<\/li>\n\n\n\n<li>MBA \u2013 INSEAD, Fontainebleau, Frankreich,<\/li>\n\n\n\n<li>Diploma in Psychology \u2013 Open University, Milton Keynes, UK,<\/li>\n\n\n\n<li>Ausbildung zum Coach, systemischen Coach, Wirtschaftsmediator.<\/li>\n\n\n\n<li>SPRACHEN:<\/li>\n<\/ul>\n\n\n\n<p class=\"has-medium-font-size\"><strong>SPRACHEN:<br><\/strong>Franz\u00f6sisch, Deutsch, Englisch<\/p>\n\n\n\n<p><strong>NATIONALIT\u00c4T:<br><\/strong>Franz\u00f6sisch<\/p>\n\n\n\n<p><strong>JAHRGANG:<br><\/strong>1963<\/p>\n\n\n\n<h3 class=\"wp-block-heading\">VER\u00d6FFENTLICHUNGEN:<\/h3>\n\n\n\n<ul class=\"wp-block-list\">\n<li>Co-Autor von &#8222;Das emotionale Unternehmen&#8220; (Gabler Verlag, 2010).<\/li>\n<\/ul>\n<\/div>\n","protected":false},"excerpt":{"rendered":"<p>EXPERTISE &amp; T\u00c4TIGKEITSSCHWERPUNKTE: BERUFSERFAHRUNG: AUSBILDUNG: SPRACHEN:Franz\u00f6sisch, Deutsch, Englisch NATIONALIT\u00c4T:Franz\u00f6sisch JAHRGANG:1963 VER\u00d6FFENTLICHUNGEN:<\/p>\n","protected":false},"author":1,"featured_media":2324,"parent":0,"menu_order":0,"comment_status":"closed","ping_status":"closed","template":"wp-custom-template-page-without-cover","meta":{"advgb_blocks_editor_width":"","advgb_blocks_columns_visual_guide":"","footnotes":""},"class_list":["post-5706","page","type-page","status-publish","has-post-thumbnail","hentry"],"coauthors":[],"author_meta":{"author_link":"https:\/\/www.jpb.net\/de\/author\/mbd-berlin\/","display_name":"mbd.berlin"},"relative_dates":{"created":"Ver\u00f6ffentlicht 2\u00a0Jahren vor","modified":"Aktualisiert 2\u00a0Jahren vor"},"absolute_dates":{"created":"Ver\u00f6ffentlicht am 21. Dezember 2023","modified":"Aktualisiert am 25. Januar 2024"},"absolute_dates_time":{"created":"Ver\u00f6ffentlicht am 21. Dezember 2023 12:09","modified":"Aktualisiert am 25. Januar 2024 1:44"},"featured_img_caption":"Pierre Frot","featured_img":"https:\/\/www.jpb.net\/wp-content\/uploads\/2014\/02\/frot.jpg","series_order":"","_links":{"self":[{"href":"https:\/\/www.jpb.net\/de\/wp-json\/wp\/v2\/pages\/5706","targetHints":{"allow":["GET"]}}],"collection":[{"href":"https:\/\/www.jpb.net\/de\/wp-json\/wp\/v2\/pages"}],"about":[{"href":"https:\/\/www.jpb.net\/de\/wp-json\/wp\/v2\/types\/page"}],"author":[{"embeddable":true,"href":"https:\/\/www.jpb.net\/de\/wp-json\/wp\/v2\/users\/1"}],"replies":[{"embeddable":true,"href":"https:\/\/www.jpb.net\/de\/wp-json\/wp\/v2\/comments?post=5706"}],"version-history":[{"count":2,"href":"https:\/\/www.jpb.net\/de\/wp-json\/wp\/v2\/pages\/5706\/revisions"}],"predecessor-version":[{"id":6374,"href":"https:\/\/www.jpb.net\/de\/wp-json\/wp\/v2\/pages\/5706\/revisions\/6374"}],"wp:featuredmedia":[{"embeddable":true,"href":"https:\/\/www.jpb.net\/de\/wp-json\/wp\/v2\/media\/2324"}],"wp:attachment":[{"href":"https:\/\/www.jpb.net\/de\/wp-json\/wp\/v2\/media?parent=5706"}],"curies":[{"name":"wp","href":"https:\/\/api.w.org\/{rel}","templated":true}]}}